{"id":662,"date":"2019-04-10T14:08:23","date_gmt":"2019-04-10T12:08:23","guid":{"rendered":"https:\/\/tierarzt-aachen.de\/?page_id=662"},"modified":"2019-04-10T15:32:40","modified_gmt":"2019-04-10T13:32:40","slug":"osteopathie-beim-pferd","status":"publish","type":"page","link":"https:\/\/tierarzt-aachen.de\/?page_id=662","title":{"rendered":"Osteopathie beim Pferd"},"content":{"rendered":"\t\t<div data-elementor-type=\"wp-post\" data-elementor-id=\"662\" class=\"elementor elementor-662\">\n\t\t\t\t\t\t<div class=\"elementor-inner\">\n\t\t\t\t<div class=\"elementor-section-wrap\">\n\t\t\t\t\t\t\t\t\t<section class=\"elementor-section elementor-top-section elementor-element elementor-element-4d681a2 elementor-section-boxed elementor-section-height-default elementor-section-height-default\" data-id=\"4d681a2\" data-element_type=\"section\">\n\t\t\t\t\t\t<div class=\"elementor-container elementor-column-gap-default\">\n\t\t\t\t\t\t\t<div class=\"elementor-row\">\n\t\t\t\t\t<div class=\"elementor-column elementor-col-100 elementor-top-column elementor-element elementor-element-06f84a5\" data-id=\"06f84a5\" data-element_type=\"column\">\n\t\t\t<div class=\"elementor-column-wrap elementor-element-populated\">\n\t\t\t\t\t\t\t<div class=\"elementor-widget-wrap\">\n\t\t\t\t\t\t<section class=\"elementor-section elementor-inner-section elementor-element elementor-element-a9fdb3e elementor-section-boxed elementor-section-height-default elementor-section-height-default\" data-id=\"a9fdb3e\" data-element_type=\"section\">\n\t\t\t\t\t\t<div class=\"elementor-container elementor-column-gap-default\">\n\t\t\t\t\t\t\t<div class=\"elementor-row\">\n\t\t\t\t\t<div class=\"elementor-column elementor-col-50 elementor-inner-column elementor-element elementor-element-c19ae3b\" data-id=\"c19ae3b\" data-element_type=\"column\">\n\t\t\t<div class=\"elementor-column-wrap elementor-element-populated\">\n\t\t\t\t\t\t\t<div class=\"elementor-widget-wrap\">\n\t\t\t\t\t\t<div class=\"elementor-element elementor-element-93eebd7 elementor-widget elementor-widget-image\" data-id=\"93eebd7\" data-element_type=\"widget\" data-widget_type=\"image.default\">\n\t\t\t\t<div class=\"elementor-widget-container\">\n\t\t\t\t\t\t\t\t<div class=\"elementor-image\">\n\t\t\t\t\t\t\t\t\t\t\t\t<img decoding=\"async\" width=\"5184\" height=\"3456\" src=\"https:\/\/tierarzt-aachen.de\/wp-content\/uploads\/2019\/03\/tierarzt-aachen-richter-monika-frotal.jpg\" class=\"attachment-full size-full\" alt=\"\" loading=\"lazy\" srcset=\"https:\/\/tierarzt-aachen.de\/wp-content\/uploads\/2019\/03\/tierarzt-aachen-richter-monika-frotal.jpg 5184w, https:\/\/tierarzt-aachen.de\/wp-content\/uploads\/2019\/03\/tierarzt-aachen-richter-monika-frotal-300x200.jpg 300w, https:\/\/tierarzt-aachen.de\/wp-content\/uploads\/2019\/03\/tierarzt-aachen-richter-monika-frotal-768x512.jpg 768w, https:\/\/tierarzt-aachen.de\/wp-content\/uploads\/2019\/03\/tierarzt-aachen-richter-monika-frotal-1024x683.jpg 1024w, https:\/\/tierarzt-aachen.de\/wp-content\/uploads\/2019\/03\/tierarzt-aachen-richter-monika-frotal-1568x1045.jpg 1568w\" sizes=\"(max-width: 5184px) 100vw, 5184px\" \/>\t\t\t\t\t\t\t\t\t\t\t\t\t\t<\/div>\n\t\t\t\t\t\t<\/div>\n\t\t\t\t<\/div>\n\t\t\t\t\t\t<\/div>\n\t\t\t\t\t<\/div>\n\t\t<\/div>\n\t\t\t\t<div class=\"elementor-column elementor-col-50 elementor-inner-column elementor-element elementor-element-3658934\" data-id=\"3658934\" data-element_type=\"column\">\n\t\t\t<div class=\"elementor-column-wrap elementor-element-populated\">\n\t\t\t\t\t\t\t<div class=\"elementor-widget-wrap\">\n\t\t\t\t\t\t<div class=\"elementor-element elementor-element-7d43bc5 elementor-widget elementor-widget-text-editor\" data-id=\"7d43bc5\" data-element_type=\"widget\" data-widget_type=\"text-editor.default\">\n\t\t\t\t<div class=\"elementor-widget-container\">\n\t\t\t\t\t\t\t\t<div class=\"elementor-text-editor elementor-clearfix\">\n\t\t\t\t<p><span style=\"font-family: 'Times New Roman',Times,Georgia,serif; font-size: 18px;\">Die Osteotherapie ist eine manuelle Behandlungsmethode, bei der der Osteotherapeuth mit Hilfe des Tastsinns seiner H\u00e4nde feinste Blockaden im Bewegungsapparat aufsp\u00fcrt und diese dann in der anschlie\u00dfenden Behandlung durch unterschiedlichste Techniken l\u00f6st.<\/span><\/p>\t\t\t\t\t<\/div>\n\t\t\t\t\t\t<\/div>\n\t\t\t\t<\/div>\n\t\t\t\t\t\t<\/div>\n\t\t\t\t\t<\/div>\n\t\t<\/div>\n\t\t\t\t\t\t\t\t<\/div>\n\t\t\t\t\t<\/div>\n\t\t<\/section>\n\t\t\t\t\t\t<\/div>\n\t\t\t\t\t<\/div>\n\t\t<\/div>\n\t\t\t\t\t\t\t\t<\/div>\n\t\t\t\t\t<\/div>\n\t\t<\/section>\n\t\t\t\t\t\t\t\t\t<\/div>\n\t\t\t<\/div>\n\t\t\t\t\t<\/div>\n\t\t","protected":false},"excerpt":{"rendered":"<p>Die Osteotherapie ist eine manuelle Behandlungsmethode, bei der der Osteotherapeuth mit Hilfe des Tastsinns seiner H\u00e4nde feinste Blockaden im Bewegungsapparat aufsp\u00fcrt und diese dann in der anschlie\u00dfenden Behandlung durch unterschiedlichste Techniken l\u00f6st.<\/p>\n","protected":false},"author":1,"featured_media":0,"parent":0,"menu_order":0,"comment_status":"closed","ping_status":"closed","template":"","meta":[],"aioseo_notices":[],"_links":{"self":[{"href":"https:\/\/tierarzt-aachen.de\/index.php?rest_route=\/wp\/v2\/pages\/662"}],"collection":[{"href":"https:\/\/tierarzt-aachen.de\/index.php?rest_route=\/wp\/v2\/pages"}],"about":[{"href":"https:\/\/tierarzt-aachen.de\/index.php?rest_route=\/wp\/v2\/types\/page"}],"author":[{"embeddable":true,"href":"https:\/\/tierarzt-aachen.de\/index.php?rest_route=\/wp\/v2\/users\/1"}],"replies":[{"embeddable":true,"href":"https:\/\/tierarzt-aachen.de\/index.php?rest_route=%2Fwp%2Fv2%2Fcomments&post=662"}],"version-history":[{"count":3,"href":"https:\/\/tierarzt-aachen.de\/index.php?rest_route=\/wp\/v2\/pages\/662\/revisions"}],"predecessor-version":[{"id":666,"href":"https:\/\/tierarzt-aachen.de\/index.php?rest_route=\/wp\/v2\/pages\/662\/revisions\/666"}],"wp:attachment":[{"href":"https:\/\/tierarzt-aachen.de\/index.php?rest_route=%2Fwp%2Fv2%2Fmedia&parent=662"}],"curies":[{"name":"wp","href":"https:\/\/api.w.org\/{rel}","templated":true}]}}