{"id":657,"date":"2019-04-10T14:00:50","date_gmt":"2019-04-10T12:00:50","guid":{"rendered":"https:\/\/tierarzt-aachen.de\/?page_id=657"},"modified":"2019-04-10T14:07:06","modified_gmt":"2019-04-10T12:07:06","slug":"pferdezahnheilkunde","status":"publish","type":"page","link":"https:\/\/tierarzt-aachen.de\/?page_id=657","title":{"rendered":"Pferdezahnheilkunde"},"content":{"rendered":"\t\t<div data-elementor-type=\"wp-post\" data-elementor-id=\"657\" class=\"elementor elementor-657\">\n\t\t\t\t\t\t<div class=\"elementor-inner\">\n\t\t\t\t<div class=\"elementor-section-wrap\">\n\t\t\t\t\t\t\t\t\t<section class=\"elementor-section elementor-top-section elementor-element elementor-element-5c81823 elementor-section-boxed elementor-section-height-default elementor-section-height-default\" data-id=\"5c81823\" data-element_type=\"section\">\n\t\t\t\t\t\t<div class=\"elementor-container elementor-column-gap-default\">\n\t\t\t\t\t\t\t<div class=\"elementor-row\">\n\t\t\t\t\t<div class=\"elementor-column elementor-col-100 elementor-top-column elementor-element elementor-element-e80a463\" data-id=\"e80a463\" data-element_type=\"column\">\n\t\t\t<div class=\"elementor-column-wrap elementor-element-populated\">\n\t\t\t\t\t\t\t<div class=\"elementor-widget-wrap\">\n\t\t\t\t\t\t<section class=\"elementor-section elementor-inner-section elementor-element elementor-element-2f05f47 elementor-section-boxed elementor-section-height-default elementor-section-height-default\" data-id=\"2f05f47\" data-element_type=\"section\">\n\t\t\t\t\t\t<div class=\"elementor-container elementor-column-gap-default\">\n\t\t\t\t\t\t\t<div class=\"elementor-row\">\n\t\t\t\t\t<div class=\"elementor-column elementor-col-50 elementor-inner-column elementor-element elementor-element-f8c798f\" data-id=\"f8c798f\" data-element_type=\"column\">\n\t\t\t<div class=\"elementor-column-wrap elementor-element-populated\">\n\t\t\t\t\t\t\t<div class=\"elementor-widget-wrap\">\n\t\t\t\t\t\t<div class=\"elementor-element elementor-element-b387cc4 elementor-widget elementor-widget-image\" data-id=\"b387cc4\" data-element_type=\"widget\" data-widget_type=\"image.default\">\n\t\t\t\t<div class=\"elementor-widget-container\">\n\t\t\t\t\t\t\t\t<div class=\"elementor-image\">\n\t\t\t\t\t\t\t\t\t\t\t\t<img decoding=\"async\" width=\"300\" height=\"225\" src=\"https:\/\/tierarzt-aachen.de\/wp-content\/uploads\/2019\/04\/P1000902-300x225.jpg\" class=\"attachment-medium size-medium\" alt=\"\" loading=\"lazy\" srcset=\"https:\/\/tierarzt-aachen.de\/wp-content\/uploads\/2019\/04\/P1000902-300x225.jpg 300w, https:\/\/tierarzt-aachen.de\/wp-content\/uploads\/2019\/04\/P1000902-768x576.jpg 768w, https:\/\/tierarzt-aachen.de\/wp-content\/uploads\/2019\/04\/P1000902-1024x768.jpg 1024w\" sizes=\"(max-width: 300px) 100vw, 300px\" \/>\t\t\t\t\t\t\t\t\t\t\t\t\t\t<\/div>\n\t\t\t\t\t\t<\/div>\n\t\t\t\t<\/div>\n\t\t\t\t\t\t<\/div>\n\t\t\t\t\t<\/div>\n\t\t<\/div>\n\t\t\t\t<div class=\"elementor-column elementor-col-50 elementor-inner-column elementor-element elementor-element-51ecde3\" data-id=\"51ecde3\" data-element_type=\"column\">\n\t\t\t<div class=\"elementor-column-wrap elementor-element-populated\">\n\t\t\t\t\t\t\t<div class=\"elementor-widget-wrap\">\n\t\t\t\t\t\t<div class=\"elementor-element elementor-element-751e363 elementor-widget elementor-widget-text-editor\" data-id=\"751e363\" data-element_type=\"widget\" data-widget_type=\"text-editor.default\">\n\t\t\t\t<div class=\"elementor-widget-container\">\n\t\t\t\t\t\t\t\t<div class=\"elementor-text-editor elementor-clearfix\">\n\t\t\t\t<p><span style=\"font-family: 'Times New Roman',Times,Georgia,serif; font-size: 18px;\">Einmal im Jahr sollte man beim Pferd vorsorglich die Z\u00e4hne untersuchen, um evtl. Haken, Kanten etc. zu erkennen und gegebenenfalls zu korrigieren. Wir f\u00fchren Zahnbehandlungen beim Pferd grunds\u00e4tzlich in Sedation durch. Die Praxis verf\u00fcgt \u00fcber die notwendige Ausr\u00fcstung f\u00fcr eine umfassende Zahnbehandlung. Auch eine elektrische Zahnraspel steht zur Verf\u00fcgung.<\/span><\/p>\t\t\t\t\t<\/div>\n\t\t\t\t\t\t<\/div>\n\t\t\t\t<\/div>\n\t\t\t\t\t\t<\/div>\n\t\t\t\t\t<\/div>\n\t\t<\/div>\n\t\t\t\t\t\t\t\t<\/div>\n\t\t\t\t\t<\/div>\n\t\t<\/section>\n\t\t\t\t\t\t<\/div>\n\t\t\t\t\t<\/div>\n\t\t<\/div>\n\t\t\t\t\t\t\t\t<\/div>\n\t\t\t\t\t<\/div>\n\t\t<\/section>\n\t\t\t\t\t\t\t\t\t<\/div>\n\t\t\t<\/div>\n\t\t\t\t\t<\/div>\n\t\t","protected":false},"excerpt":{"rendered":"<p>Einmal im Jahr sollte man beim Pferd vorsorglich die Z\u00e4hne untersuchen, um evtl. Haken, Kanten etc. zu erkennen und gegebenenfalls zu korrigieren. Wir f\u00fchren Zahnbehandlungen beim Pferd grunds\u00e4tzlich in Sedation durch. Die Praxis verf\u00fcgt \u00fcber die notwendige Ausr\u00fcstung f\u00fcr eine umfassende Zahnbehandlung. Auch eine elektrische Zahnraspel steht zur Verf\u00fcgung.<\/p>\n","protected":false},"author":1,"featured_media":0,"parent":0,"menu_order":0,"comment_status":"closed","ping_status":"closed","template":"","meta":[],"aioseo_notices":[],"_links":{"self":[{"href":"https:\/\/tierarzt-aachen.de\/index.php?rest_route=\/wp\/v2\/pages\/657"}],"collection":[{"href":"https:\/\/tierarzt-aachen.de\/index.php?rest_route=\/wp\/v2\/pages"}],"about":[{"href":"https:\/\/tierarzt-aachen.de\/index.php?rest_route=\/wp\/v2\/types\/page"}],"author":[{"embeddable":true,"href":"https:\/\/tierarzt-aachen.de\/index.php?rest_route=\/wp\/v2\/users\/1"}],"replies":[{"embeddable":true,"href":"https:\/\/tierarzt-aachen.de\/index.php?rest_route=%2Fwp%2Fv2%2Fcomments&post=657"}],"version-history":[{"count":2,"href":"https:\/\/tierarzt-aachen.de\/index.php?rest_route=\/wp\/v2\/pages\/657\/revisions"}],"predecessor-version":[{"id":661,"href":"https:\/\/tierarzt-aachen.de\/index.php?rest_route=\/wp\/v2\/pages\/657\/revisions\/661"}],"wp:attachment":[{"href":"https:\/\/tierarzt-aachen.de\/index.php?rest_route=%2Fwp%2Fv2%2Fmedia&parent=657"}],"curies":[{"name":"wp","href":"https:\/\/api.w.org\/{rel}","templated":true}]}}