{"id":612,"date":"2019-04-10T10:43:23","date_gmt":"2019-04-10T08:43:23","guid":{"rendered":"https:\/\/tierarzt-aachen.de\/?page_id=612"},"modified":"2022-08-04T19:13:38","modified_gmt":"2022-08-04T17:13:38","slug":"hausbesuche","status":"publish","type":"page","link":"https:\/\/tierarzt-aachen.de\/?page_id=612","title":{"rendered":"Hausbesuche"},"content":{"rendered":"\t\t<div data-elementor-type=\"wp-post\" data-elementor-id=\"612\" class=\"elementor elementor-612\">\n\t\t\t\t\t\t<div class=\"elementor-inner\">\n\t\t\t\t<div class=\"elementor-section-wrap\">\n\t\t\t\t\t\t\t\t\t<section class=\"elementor-section elementor-top-section elementor-element elementor-element-74f1dd6 elementor-section-boxed elementor-section-height-default elementor-section-height-default\" data-id=\"74f1dd6\" data-element_type=\"section\">\n\t\t\t\t\t\t<div class=\"elementor-container elementor-column-gap-default\">\n\t\t\t\t\t\t\t<div class=\"elementor-row\">\n\t\t\t\t\t<div class=\"elementor-column elementor-col-100 elementor-top-column elementor-element elementor-element-ab11807\" data-id=\"ab11807\" data-element_type=\"column\">\n\t\t\t<div class=\"elementor-column-wrap elementor-element-populated\">\n\t\t\t\t\t\t\t<div class=\"elementor-widget-wrap\">\n\t\t\t\t\t\t<section class=\"elementor-section elementor-inner-section elementor-element elementor-element-05f1490 elementor-section-boxed elementor-section-height-default elementor-section-height-default\" data-id=\"05f1490\" data-element_type=\"section\">\n\t\t\t\t\t\t<div class=\"elementor-container elementor-column-gap-default\">\n\t\t\t\t\t\t\t<div class=\"elementor-row\">\n\t\t\t\t\t<div class=\"elementor-column elementor-col-50 elementor-inner-column elementor-element elementor-element-974d672\" data-id=\"974d672\" data-element_type=\"column\">\n\t\t\t<div class=\"elementor-column-wrap elementor-element-populated\">\n\t\t\t\t\t\t\t<div class=\"elementor-widget-wrap\">\n\t\t\t\t\t\t<div class=\"elementor-element elementor-element-1990fb1 elementor-widget elementor-widget-image\" data-id=\"1990fb1\" data-element_type=\"widget\" data-widget_type=\"image.default\">\n\t\t\t\t<div class=\"elementor-widget-container\">\n\t\t\t\t\t\t\t\t<div class=\"elementor-image\">\n\t\t\t\t\t\t\t\t\t\t\t\t<img decoding=\"async\" width=\"1024\" height=\"794\" src=\"https:\/\/tierarzt-aachen.de\/wp-content\/uploads\/2019\/04\/Notfall-Tasche01-1024x794.jpg\" class=\"attachment-large size-large\" alt=\"\" loading=\"lazy\" srcset=\"https:\/\/tierarzt-aachen.de\/wp-content\/uploads\/2019\/04\/Notfall-Tasche01.jpg 1024w, https:\/\/tierarzt-aachen.de\/wp-content\/uploads\/2019\/04\/Notfall-Tasche01-300x233.jpg 300w, https:\/\/tierarzt-aachen.de\/wp-content\/uploads\/2019\/04\/Notfall-Tasche01-768x596.jpg 768w\" sizes=\"(max-width: 1024px) 100vw, 1024px\" \/>\t\t\t\t\t\t\t\t\t\t\t\t\t\t<\/div>\n\t\t\t\t\t\t<\/div>\n\t\t\t\t<\/div>\n\t\t\t\t\t\t<\/div>\n\t\t\t\t\t<\/div>\n\t\t<\/div>\n\t\t\t\t<div class=\"elementor-column elementor-col-50 elementor-inner-column elementor-element elementor-element-0bfbc04\" data-id=\"0bfbc04\" data-element_type=\"column\">\n\t\t\t<div class=\"elementor-column-wrap elementor-element-populated\">\n\t\t\t\t\t\t\t<div class=\"elementor-widget-wrap\">\n\t\t\t\t\t\t<div class=\"elementor-element elementor-element-0837d94 elementor-widget elementor-widget-text-editor\" data-id=\"0837d94\" data-element_type=\"widget\" data-widget_type=\"text-editor.default\">\n\t\t\t\t<div class=\"elementor-widget-container\">\n\t\t\t\t\t\t\t\t<div class=\"elementor-text-editor elementor-clearfix\">\n\t\t\t\t<p style=\"font-family: Times New Roman; font-size: 16px;\"><span style=\"font-size: 18px;\">Wir f\u00fchren Hausbesuche durch, die wir f\u00fcr die Bereiche Stadt Aachen und die Gemeinden Simmerath und H\u00fcrtgenwald anbieten k\u00f6nnen. Aus organisatorischen Gr\u00fcnden k\u00f6nnen sie nur morgens vor der Sprechstunde oder abends danach angeboten werden.<\/span><\/p>\n<p><span style=\"font-size: 18px;\">Insbesondere bei Kleintierpatienten, bei denen zur Sicherung der Diagnose spezielle Untersuchungen n\u00f6tig werden k\u00f6nnten, ist die Vorstellung des Patienten in der Praxis in jedem Falle vorzuziehen.<\/span><\/p>\t\t\t\t\t<\/div>\n\t\t\t\t\t\t<\/div>\n\t\t\t\t<\/div>\n\t\t\t\t\t\t<\/div>\n\t\t\t\t\t<\/div>\n\t\t<\/div>\n\t\t\t\t\t\t\t\t<\/div>\n\t\t\t\t\t<\/div>\n\t\t<\/section>\n\t\t\t\t\t\t<\/div>\n\t\t\t\t\t<\/div>\n\t\t<\/div>\n\t\t\t\t\t\t\t\t<\/div>\n\t\t\t\t\t<\/div>\n\t\t<\/section>\n\t\t\t\t\t\t\t\t\t<\/div>\n\t\t\t<\/div>\n\t\t\t\t\t<\/div>\n\t\t","protected":false},"excerpt":{"rendered":"<p>Wir f\u00fchren Hausbesuche durch, die wir f\u00fcr die Bereiche Stadt Aachen und die Gemeinden Simmerath und H\u00fcrtgenwald anbieten k\u00f6nnen. Aus organisatorischen Gr\u00fcnden k\u00f6nnen sie nur morgens vor der Sprechstunde oder abends danach angeboten werden. Insbesondere bei Kleintierpatienten, bei denen zur Sicherung der Diagnose spezielle Untersuchungen n\u00f6tig werden k\u00f6nnten, ist die Vorstellung des Patienten in der [&hellip;]<\/p>\n","protected":false},"author":1,"featured_media":0,"parent":0,"menu_order":0,"comment_status":"closed","ping_status":"closed","template":"","meta":[],"aioseo_notices":[],"_links":{"self":[{"href":"https:\/\/tierarzt-aachen.de\/index.php?rest_route=\/wp\/v2\/pages\/612"}],"collection":[{"href":"https:\/\/tierarzt-aachen.de\/index.php?rest_route=\/wp\/v2\/pages"}],"about":[{"href":"https:\/\/tierarzt-aachen.de\/index.php?rest_route=\/wp\/v2\/types\/page"}],"author":[{"embeddable":true,"href":"https:\/\/tierarzt-aachen.de\/index.php?rest_route=\/wp\/v2\/users\/1"}],"replies":[{"embeddable":true,"href":"https:\/\/tierarzt-aachen.de\/index.php?rest_route=%2Fwp%2Fv2%2Fcomments&post=612"}],"version-history":[{"count":5,"href":"https:\/\/tierarzt-aachen.de\/index.php?rest_route=\/wp\/v2\/pages\/612\/revisions"}],"predecessor-version":[{"id":1251,"href":"https:\/\/tierarzt-aachen.de\/index.php?rest_route=\/wp\/v2\/pages\/612\/revisions\/1251"}],"wp:attachment":[{"href":"https:\/\/tierarzt-aachen.de\/index.php?rest_route=%2Fwp%2Fv2%2Fmedia&parent=612"}],"curies":[{"name":"wp","href":"https:\/\/api.w.org\/{rel}","templated":true}]}}