{"id":606,"date":"2019-04-10T10:40:47","date_gmt":"2019-04-10T08:40:47","guid":{"rendered":"https:\/\/tierarzt-aachen.de\/?page_id=606"},"modified":"2019-04-10T12:32:29","modified_gmt":"2019-04-10T10:32:29","slug":"ernaehrungsberatung","status":"publish","type":"page","link":"https:\/\/tierarzt-aachen.de\/?page_id=606","title":{"rendered":"Ern\u00e4hrungsberatung"},"content":{"rendered":"\t\t<div data-elementor-type=\"wp-post\" data-elementor-id=\"606\" class=\"elementor elementor-606\">\n\t\t\t\t\t\t<div class=\"elementor-inner\">\n\t\t\t\t<div class=\"elementor-section-wrap\">\n\t\t\t\t\t\t\t\t\t<section class=\"elementor-section elementor-top-section elementor-element elementor-element-b3a9b0f elementor-section-boxed elementor-section-height-default elementor-section-height-default\" data-id=\"b3a9b0f\" data-element_type=\"section\">\n\t\t\t\t\t\t<div class=\"elementor-container elementor-column-gap-default\">\n\t\t\t\t\t\t\t<div class=\"elementor-row\">\n\t\t\t\t\t<div class=\"elementor-column elementor-col-100 elementor-top-column elementor-element elementor-element-b92b8ec\" data-id=\"b92b8ec\" data-element_type=\"column\">\n\t\t\t<div class=\"elementor-column-wrap elementor-element-populated\">\n\t\t\t\t\t\t\t<div class=\"elementor-widget-wrap\">\n\t\t\t\t\t\t<section class=\"elementor-section elementor-inner-section elementor-element elementor-element-7d9962f elementor-section-boxed elementor-section-height-default elementor-section-height-default\" data-id=\"7d9962f\" data-element_type=\"section\">\n\t\t\t\t\t\t<div class=\"elementor-container elementor-column-gap-default\">\n\t\t\t\t\t\t\t<div class=\"elementor-row\">\n\t\t\t\t\t<div class=\"elementor-column elementor-col-50 elementor-inner-column elementor-element elementor-element-5df38e8\" data-id=\"5df38e8\" data-element_type=\"column\">\n\t\t\t<div class=\"elementor-column-wrap elementor-element-populated\">\n\t\t\t\t\t\t\t<div class=\"elementor-widget-wrap\">\n\t\t\t\t\t\t<div class=\"elementor-element elementor-element-1207815 elementor-widget elementor-widget-image\" data-id=\"1207815\" data-element_type=\"widget\" data-widget_type=\"image.default\">\n\t\t\t\t<div class=\"elementor-widget-container\">\n\t\t\t\t\t\t\t\t<div class=\"elementor-image\">\n\t\t\t\t\t\t\t\t\t\t\t\t<img decoding=\"async\" width=\"345\" height=\"345\" src=\"https:\/\/tierarzt-aachen.de\/wp-content\/uploads\/2019\/04\/Siegel_futalis_klein.png\" class=\"attachment-large size-large\" alt=\"\" loading=\"lazy\" srcset=\"https:\/\/tierarzt-aachen.de\/wp-content\/uploads\/2019\/04\/Siegel_futalis_klein.png 345w, https:\/\/tierarzt-aachen.de\/wp-content\/uploads\/2019\/04\/Siegel_futalis_klein-150x150.png 150w, https:\/\/tierarzt-aachen.de\/wp-content\/uploads\/2019\/04\/Siegel_futalis_klein-300x300.png 300w\" sizes=\"(max-width: 345px) 100vw, 345px\" \/>\t\t\t\t\t\t\t\t\t\t\t\t\t\t<\/div>\n\t\t\t\t\t\t<\/div>\n\t\t\t\t<\/div>\n\t\t\t\t\t\t<\/div>\n\t\t\t\t\t<\/div>\n\t\t<\/div>\n\t\t\t\t<div class=\"elementor-column elementor-col-50 elementor-inner-column elementor-element elementor-element-2fe5e9e\" data-id=\"2fe5e9e\" data-element_type=\"column\">\n\t\t\t<div class=\"elementor-column-wrap elementor-element-populated\">\n\t\t\t\t\t\t\t<div class=\"elementor-widget-wrap\">\n\t\t\t\t\t\t<div class=\"elementor-element elementor-element-c7e2102 elementor-widget elementor-widget-text-editor\" data-id=\"c7e2102\" data-element_type=\"widget\" data-widget_type=\"text-editor.default\">\n\t\t\t\t<div class=\"elementor-widget-container\">\n\t\t\t\t\t\t\t\t<div class=\"elementor-text-editor elementor-clearfix\">\n\t\t\t\t<p><span style=\"font-family: 'Times New Roman',Times,Georgia,serif; font-size: 22px;\">Wie beim Menschen so ist auch bei unseren Heimtieren die richtige Ern\u00e4hrung essentiell f\u00fcr die Gesundheit.<\/span><\/p><p><span style=\"font-family: 'Times New Roman',Times,Georgia,serif; font-size: 22px;\">In unserer Tierarztpraxis erhalten Sie eine wissenschaftliche Ern\u00e4hrungsberatung in Zusammenarbeit mit <\/span><a href=\"http:\/\/futalis.de\/\" target=\"_blank\" rel=\"noopener\"><span style=\"font-weight: bold; font-family: 'Times New Roman',Times,Georgia,serif; font-size: 22px;\">futalis.de<\/span><\/a><span style=\"font-family: 'Times New Roman',Times,Georgia,serif; font-size: 22px;\">. <\/span><\/p><p><span style=\"font-family: 'Times New Roman',Times,Georgia,serif; font-size: 22px;\">Sie k\u00f6nnen auch Ihre BARF- und Frischfutterration wissenschaftlich auf Fehlversorgungen \u00fcberpr\u00fcfen lassen. Gemeinsam mit <\/span><a href=\"http:\/\/futalis.de\/\" target=\"_blank\" rel=\"noopener\"><span style=\"font-weight: bold; font-family: 'Times New Roman',Times,Georgia,serif; font-size: 22px;\">futalis.de<\/span><\/a><span style=\"font-family: 'Times New Roman',Times,Georgia,serif; font-size: 22px;\"> erstellen wir f\u00fcr Ihren Hund ein umfassendes N\u00e4hrstoffprofil.<\/span><\/p>\t\t\t\t\t<\/div>\n\t\t\t\t\t\t<\/div>\n\t\t\t\t<\/div>\n\t\t\t\t\t\t<\/div>\n\t\t\t\t\t<\/div>\n\t\t<\/div>\n\t\t\t\t\t\t\t\t<\/div>\n\t\t\t\t\t<\/div>\n\t\t<\/section>\n\t\t\t\t\t\t<\/div>\n\t\t\t\t\t<\/div>\n\t\t<\/div>\n\t\t\t\t\t\t\t\t<\/div>\n\t\t\t\t\t<\/div>\n\t\t<\/section>\n\t\t\t\t\t\t\t\t\t<\/div>\n\t\t\t<\/div>\n\t\t\t\t\t<\/div>\n\t\t","protected":false},"excerpt":{"rendered":"<p>Wie beim Menschen so ist auch bei unseren Heimtieren die richtige Ern\u00e4hrung essentiell f\u00fcr die Gesundheit. In unserer Tierarztpraxis erhalten Sie eine wissenschaftliche Ern\u00e4hrungsberatung in Zusammenarbeit mit futalis.de. Sie k\u00f6nnen auch Ihre BARF- und Frischfutterration wissenschaftlich auf Fehlversorgungen \u00fcberpr\u00fcfen lassen. Gemeinsam mit futalis.de erstellen wir f\u00fcr Ihren Hund ein umfassendes N\u00e4hrstoffprofil.<\/p>\n","protected":false},"author":1,"featured_media":0,"parent":0,"menu_order":0,"comment_status":"closed","ping_status":"closed","template":"","meta":[],"aioseo_notices":[],"_links":{"self":[{"href":"https:\/\/tierarzt-aachen.de\/index.php?rest_route=\/wp\/v2\/pages\/606"}],"collection":[{"href":"https:\/\/tierarzt-aachen.de\/index.php?rest_route=\/wp\/v2\/pages"}],"about":[{"href":"https:\/\/tierarzt-aachen.de\/index.php?rest_route=\/wp\/v2\/types\/page"}],"author":[{"embeddable":true,"href":"https:\/\/tierarzt-aachen.de\/index.php?rest_route=\/wp\/v2\/users\/1"}],"replies":[{"embeddable":true,"href":"https:\/\/tierarzt-aachen.de\/index.php?rest_route=%2Fwp%2Fv2%2Fcomments&post=606"}],"version-history":[{"count":2,"href":"https:\/\/tierarzt-aachen.de\/index.php?rest_route=\/wp\/v2\/pages\/606\/revisions"}],"predecessor-version":[{"id":646,"href":"https:\/\/tierarzt-aachen.de\/index.php?rest_route=\/wp\/v2\/pages\/606\/revisions\/646"}],"wp:attachment":[{"href":"https:\/\/tierarzt-aachen.de\/index.php?rest_route=%2Fwp%2Fv2%2Fmedia&parent=606"}],"curies":[{"name":"wp","href":"https:\/\/api.w.org\/{rel}","templated":true}]}}