{"id":600,"date":"2019-04-10T10:23:58","date_gmt":"2019-04-10T08:23:58","guid":{"rendered":"https:\/\/tierarzt-aachen.de\/?page_id=600"},"modified":"2019-04-10T11:48:09","modified_gmt":"2019-04-10T09:48:09","slug":"zahnheilkunde","status":"publish","type":"page","link":"https:\/\/tierarzt-aachen.de\/?page_id=600","title":{"rendered":"Zahnheilkunde"},"content":{"rendered":"\t\t<div data-elementor-type=\"wp-post\" data-elementor-id=\"600\" class=\"elementor elementor-600\">\n\t\t\t\t\t\t<div class=\"elementor-inner\">\n\t\t\t\t<div class=\"elementor-section-wrap\">\n\t\t\t\t\t\t\t\t\t<section class=\"elementor-section elementor-top-section elementor-element elementor-element-73f8a4d elementor-section-boxed elementor-section-height-default elementor-section-height-default\" data-id=\"73f8a4d\" data-element_type=\"section\">\n\t\t\t\t\t\t<div class=\"elementor-container elementor-column-gap-default\">\n\t\t\t\t\t\t\t<div class=\"elementor-row\">\n\t\t\t\t\t<div class=\"elementor-column elementor-col-100 elementor-top-column elementor-element elementor-element-ebaa69a\" data-id=\"ebaa69a\" data-element_type=\"column\">\n\t\t\t<div class=\"elementor-column-wrap elementor-element-populated\">\n\t\t\t\t\t\t\t<div class=\"elementor-widget-wrap\">\n\t\t\t\t\t\t<section class=\"elementor-section elementor-inner-section elementor-element elementor-element-c488345 elementor-section-boxed elementor-section-height-default elementor-section-height-default\" data-id=\"c488345\" data-element_type=\"section\">\n\t\t\t\t\t\t<div class=\"elementor-container elementor-column-gap-default\">\n\t\t\t\t\t\t\t<div class=\"elementor-row\">\n\t\t\t\t\t<div class=\"elementor-column elementor-col-50 elementor-inner-column elementor-element elementor-element-01a28ee\" data-id=\"01a28ee\" data-element_type=\"column\">\n\t\t\t<div class=\"elementor-column-wrap elementor-element-populated\">\n\t\t\t\t\t\t\t<div class=\"elementor-widget-wrap\">\n\t\t\t\t\t\t<div class=\"elementor-element elementor-element-283f420 elementor-widget elementor-widget-image\" data-id=\"283f420\" data-element_type=\"widget\" data-widget_type=\"image.default\">\n\t\t\t\t<div class=\"elementor-widget-container\">\n\t\t\t\t\t\t\t\t<div class=\"elementor-image\">\n\t\t\t\t\t\t\t\t\t<figure class=\"wp-caption\">\n\t\t\t\t\t\t\t\t\t\t<img decoding=\"async\" width=\"300\" height=\"225\" src=\"https:\/\/tierarzt-aachen.de\/wp-content\/uploads\/2019\/04\/tierarzt-aachen-dr-richter-caninusengstand-05-300x225.jpg\" class=\"attachment-medium size-medium\" alt=\"\" loading=\"lazy\" srcset=\"https:\/\/tierarzt-aachen.de\/wp-content\/uploads\/2019\/04\/tierarzt-aachen-dr-richter-caninusengstand-05-300x225.jpg 300w, https:\/\/tierarzt-aachen.de\/wp-content\/uploads\/2019\/04\/tierarzt-aachen-dr-richter-caninusengstand-05-768x576.jpg 768w, https:\/\/tierarzt-aachen.de\/wp-content\/uploads\/2019\/04\/tierarzt-aachen-dr-richter-caninusengstand-05-1024x768.jpg 1024w\" sizes=\"(max-width: 300px) 100vw, 300px\" \/>\t\t\t\t\t\t\t\t\t\t\t<figcaption class=\"widget-image-caption wp-caption-text\">Aufbissplatte bei Caninusengstand<\/figcaption>\n\t\t\t\t\t\t\t\t\t\t<\/figure>\n\t\t\t\t\t\t\t\t<\/div>\n\t\t\t\t\t\t<\/div>\n\t\t\t\t<\/div>\n\t\t\t\t\t\t<\/div>\n\t\t\t\t\t<\/div>\n\t\t<\/div>\n\t\t\t\t<div class=\"elementor-column elementor-col-50 elementor-inner-column elementor-element elementor-element-b6703f6\" data-id=\"b6703f6\" data-element_type=\"column\">\n\t\t\t<div class=\"elementor-column-wrap elementor-element-populated\">\n\t\t\t\t\t\t\t<div class=\"elementor-widget-wrap\">\n\t\t\t\t\t\t<div class=\"elementor-element elementor-element-ad25338 elementor-widget elementor-widget-text-editor\" data-id=\"ad25338\" data-element_type=\"widget\" data-widget_type=\"text-editor.default\">\n\t\t\t\t<div class=\"elementor-widget-container\">\n\t\t\t\t\t\t\t\t<div class=\"elementor-text-editor elementor-clearfix\">\n\t\t\t\t<p><span style=\"font-family: 'Times New Roman',Times,Georgia,serif; font-size: 20px;\">Neben routinem\u00e4\u00dfig anfallenden Zahnbehandlungen, wie die Zahnsteinentfernung und die Extraktion lockerer Z\u00e4hne, f\u00fchren wir auch Wurzelbehandlungen, \u00dcberkronungen und die Korrektur von Zahnfehlstellungen durch.<\/span><\/p>\t\t\t\t\t<\/div>\n\t\t\t\t\t\t<\/div>\n\t\t\t\t<\/div>\n\t\t\t\t\t\t<\/div>\n\t\t\t\t\t<\/div>\n\t\t<\/div>\n\t\t\t\t\t\t\t\t<\/div>\n\t\t\t\t\t<\/div>\n\t\t<\/section>\n\t\t\t\t\t\t<\/div>\n\t\t\t\t\t<\/div>\n\t\t<\/div>\n\t\t\t\t\t\t\t\t<\/div>\n\t\t\t\t\t<\/div>\n\t\t<\/section>\n\t\t\t\t<section class=\"elementor-section elementor-top-section elementor-element elementor-element-9701746 elementor-section-boxed elementor-section-height-default elementor-section-height-default\" data-id=\"9701746\" data-element_type=\"section\">\n\t\t\t\t\t\t<div class=\"elementor-container elementor-column-gap-default\">\n\t\t\t\t\t\t\t<div class=\"elementor-row\">\n\t\t\t\t\t<div class=\"elementor-column elementor-col-100 elementor-top-column elementor-element elementor-element-a4e59fe\" data-id=\"a4e59fe\" data-element_type=\"column\">\n\t\t\t<div class=\"elementor-column-wrap elementor-element-populated\">\n\t\t\t\t\t\t\t<div class=\"elementor-widget-wrap\">\n\t\t\t\t\t\t<div class=\"elementor-element elementor-element-689dc2b gallery-spacing-custom animated-fast elementor-widget__width-auto elementor-invisible elementor-widget elementor-widget-image-gallery\" data-id=\"689dc2b\" data-element_type=\"widget\" data-settings=\"{&quot;_animation&quot;:&quot;slideInDown&quot;}\" data-widget_type=\"image-gallery.default\">\n\t\t\t\t<div class=\"elementor-widget-container\">\n\t\t\t\t\t<div class=\"elementor-image-gallery\">\n\t\t\t<div id='gallery-1' class='gallery galleryid-600 gallery-columns-4 gallery-size-thumbnail'><figure class='gallery-item'>\n\t\t\t<div class='gallery-icon landscape'>\n\t\t\t\t<a data-elementor-open-lightbox=\"yes\" data-elementor-lightbox-slideshow=\"689dc2b\" data-elementor-lightbox-title=\"tierarzt-aachen-dr-richter-caninusengstand-01\" e-action-hash=\"#elementor-action%3Aaction%3Dlightbox%26settings%3DeyJpZCI6NjMxLCJ1cmwiOiJodHRwczpcL1wvdGllcmFyenQtYWFjaGVuLmRlXC93cC1jb250ZW50XC91cGxvYWRzXC8yMDE5XC8wNFwvdGllcmFyenQtYWFjaGVuLWRyLXJpY2h0ZXItY2FuaW51c2VuZ3N0YW5kLTAxLmpwZyIsInNsaWRlc2hvdyI6IjY4OWRjMmIifQ%3D%3D\" href='https:\/\/tierarzt-aachen.de\/wp-content\/uploads\/2019\/04\/tierarzt-aachen-dr-richter-caninusengstand-01.jpg'><img width=\"150\" height=\"150\" src=\"https:\/\/tierarzt-aachen.de\/wp-content\/uploads\/2019\/04\/tierarzt-aachen-dr-richter-caninusengstand-01-150x150.jpg\" class=\"attachment-thumbnail size-thumbnail\" alt=\"\" decoding=\"async\" loading=\"lazy\" \/><\/a>\n\t\t\t<\/div><\/figure><figure class='gallery-item'>\n\t\t\t<div class='gallery-icon landscape'>\n\t\t\t\t<a data-elementor-open-lightbox=\"yes\" data-elementor-lightbox-slideshow=\"689dc2b\" data-elementor-lightbox-title=\"tierarzt-aachen-dr-richter-caninusengstand-04\" e-action-hash=\"#elementor-action%3Aaction%3Dlightbox%26settings%3DeyJpZCI6NjMyLCJ1cmwiOiJodHRwczpcL1wvdGllcmFyenQtYWFjaGVuLmRlXC93cC1jb250ZW50XC91cGxvYWRzXC8yMDE5XC8wNFwvdGllcmFyenQtYWFjaGVuLWRyLXJpY2h0ZXItY2FuaW51c2VuZ3N0YW5kLTA0LmpwZyIsInNsaWRlc2hvdyI6IjY4OWRjMmIifQ%3D%3D\" href='https:\/\/tierarzt-aachen.de\/wp-content\/uploads\/2019\/04\/tierarzt-aachen-dr-richter-caninusengstand-04.jpg'><img width=\"150\" height=\"150\" src=\"https:\/\/tierarzt-aachen.de\/wp-content\/uploads\/2019\/04\/tierarzt-aachen-dr-richter-caninusengstand-04-150x150.jpg\" class=\"attachment-thumbnail size-thumbnail\" alt=\"\" decoding=\"async\" loading=\"lazy\" \/><\/a>\n\t\t\t<\/div><\/figure><figure class='gallery-item'>\n\t\t\t<div class='gallery-icon landscape'>\n\t\t\t\t<a data-elementor-open-lightbox=\"yes\" data-elementor-lightbox-slideshow=\"689dc2b\" data-elementor-lightbox-title=\"tierarzt_aachen_richter_Kan_Zahnfehler01\" e-action-hash=\"#elementor-action%3Aaction%3Dlightbox%26settings%3DeyJpZCI6NjMwLCJ1cmwiOiJodHRwczpcL1wvdGllcmFyenQtYWFjaGVuLmRlXC93cC1jb250ZW50XC91cGxvYWRzXC8yMDE5XC8wNFwvdGllcmFyenRfYWFjaGVuX3JpY2h0ZXJfS2FuX1phaG5mZWhsZXIwMS0xLmpwZyIsInNsaWRlc2hvdyI6IjY4OWRjMmIifQ%3D%3D\" href='https:\/\/tierarzt-aachen.de\/wp-content\/uploads\/2019\/04\/tierarzt_aachen_richter_Kan_Zahnfehler01-1.jpg'><img width=\"150\" height=\"150\" src=\"https:\/\/tierarzt-aachen.de\/wp-content\/uploads\/2019\/04\/tierarzt_aachen_richter_Kan_Zahnfehler01-1-150x150.jpg\" class=\"attachment-thumbnail size-thumbnail\" alt=\"\" decoding=\"async\" loading=\"lazy\" \/><\/a>\n\t\t\t<\/div><\/figure><figure class='gallery-item'>\n\t\t\t<div class='gallery-icon landscape'>\n\t\t\t\t<a data-elementor-open-lightbox=\"yes\" data-elementor-lightbox-slideshow=\"689dc2b\" data-elementor-lightbox-title=\"tierarzt_aachen_richter_Knochen_UK02\" e-action-hash=\"#elementor-action%3Aaction%3Dlightbox%26settings%3DeyJpZCI6NjI5LCJ1cmwiOiJodHRwczpcL1wvdGllcmFyenQtYWFjaGVuLmRlXC93cC1jb250ZW50XC91cGxvYWRzXC8yMDE5XC8wNFwvdGllcmFyenRfYWFjaGVuX3JpY2h0ZXJfS25vY2hlbl9VSzAyLTEuanBnIiwic2xpZGVzaG93IjoiNjg5ZGMyYiJ9\" href='https:\/\/tierarzt-aachen.de\/wp-content\/uploads\/2019\/04\/tierarzt_aachen_richter_Knochen_UK02-1.jpg'><img width=\"150\" height=\"150\" src=\"https:\/\/tierarzt-aachen.de\/wp-content\/uploads\/2019\/04\/tierarzt_aachen_richter_Knochen_UK02-1-150x150.jpg\" class=\"attachment-thumbnail size-thumbnail\" alt=\"\" decoding=\"async\" loading=\"lazy\" \/><\/a>\n\t\t\t<\/div><\/figure>\n\t\t<\/div>\n\t\t<\/div>\n\t\t\t\t<\/div>\n\t\t\t\t<\/div>\n\t\t\t\t\t\t<\/div>\n\t\t\t\t\t<\/div>\n\t\t<\/div>\n\t\t\t\t\t\t\t\t<\/div>\n\t\t\t\t\t<\/div>\n\t\t<\/section>\n\t\t\t\t\t\t\t\t\t<\/div>\n\t\t\t<\/div>\n\t\t\t\t\t<\/div>\n\t\t","protected":false},"excerpt":{"rendered":"<p>Aufbissplatte bei Caninusengstand Neben routinem\u00e4\u00dfig anfallenden Zahnbehandlungen, wie die Zahnsteinentfernung und die Extraktion lockerer Z\u00e4hne, f\u00fchren wir auch Wurzelbehandlungen, \u00dcberkronungen und die Korrektur von Zahnfehlstellungen durch.<\/p>\n","protected":false},"author":1,"featured_media":0,"parent":0,"menu_order":0,"comment_status":"closed","ping_status":"closed","template":"","meta":[],"aioseo_notices":[],"_links":{"self":[{"href":"https:\/\/tierarzt-aachen.de\/index.php?rest_route=\/wp\/v2\/pages\/600"}],"collection":[{"href":"https:\/\/tierarzt-aachen.de\/index.php?rest_route=\/wp\/v2\/pages"}],"about":[{"href":"https:\/\/tierarzt-aachen.de\/index.php?rest_route=\/wp\/v2\/types\/page"}],"author":[{"embeddable":true,"href":"https:\/\/tierarzt-aachen.de\/index.php?rest_route=\/wp\/v2\/users\/1"}],"replies":[{"embeddable":true,"href":"https:\/\/tierarzt-aachen.de\/index.php?rest_route=%2Fwp%2Fv2%2Fcomments&post=600"}],"version-history":[{"count":12,"href":"https:\/\/tierarzt-aachen.de\/index.php?rest_route=\/wp\/v2\/pages\/600\/revisions"}],"predecessor-version":[{"id":642,"href":"https:\/\/tierarzt-aachen.de\/index.php?rest_route=\/wp\/v2\/pages\/600\/revisions\/642"}],"wp:attachment":[{"href":"https:\/\/tierarzt-aachen.de\/index.php?rest_route=%2Fwp%2Fv2%2Fmedia&parent=600"}],"curies":[{"name":"wp","href":"https:\/\/api.w.org\/{rel}","templated":true}]}}