{"id":595,"date":"2019-04-10T10:16:01","date_gmt":"2019-04-10T08:16:01","guid":{"rendered":"https:\/\/tierarzt-aachen.de\/?page_id=595"},"modified":"2019-04-10T10:22:47","modified_gmt":"2019-04-10T08:22:47","slug":"bildgebende-diagnostik","status":"publish","type":"page","link":"https:\/\/tierarzt-aachen.de\/?page_id=595","title":{"rendered":"Bildgebende Diagnostik"},"content":{"rendered":"\t\t<div data-elementor-type=\"wp-post\" data-elementor-id=\"595\" class=\"elementor elementor-595\">\n\t\t\t\t\t\t<div class=\"elementor-inner\">\n\t\t\t\t<div class=\"elementor-section-wrap\">\n\t\t\t\t\t\t\t\t\t<section class=\"elementor-section elementor-top-section elementor-element elementor-element-4a64544 elementor-section-boxed elementor-section-height-default elementor-section-height-default\" data-id=\"4a64544\" data-element_type=\"section\">\n\t\t\t\t\t\t<div class=\"elementor-container elementor-column-gap-default\">\n\t\t\t\t\t\t\t<div class=\"elementor-row\">\n\t\t\t\t\t<div class=\"elementor-column elementor-col-100 elementor-top-column elementor-element elementor-element-17baa0a\" data-id=\"17baa0a\" data-element_type=\"column\">\n\t\t\t<div class=\"elementor-column-wrap elementor-element-populated\">\n\t\t\t\t\t\t\t<div class=\"elementor-widget-wrap\">\n\t\t\t\t\t\t<section class=\"elementor-section elementor-inner-section elementor-element elementor-element-6e57b03 elementor-section-boxed elementor-section-height-default elementor-section-height-default\" data-id=\"6e57b03\" data-element_type=\"section\">\n\t\t\t\t\t\t<div class=\"elementor-container elementor-column-gap-default\">\n\t\t\t\t\t\t\t<div class=\"elementor-row\">\n\t\t\t\t\t<div class=\"elementor-column elementor-col-50 elementor-inner-column elementor-element elementor-element-61d8b5d\" data-id=\"61d8b5d\" data-element_type=\"column\">\n\t\t\t<div class=\"elementor-column-wrap elementor-element-populated\">\n\t\t\t\t\t\t\t<div class=\"elementor-widget-wrap\">\n\t\t\t\t\t\t<div class=\"elementor-element elementor-element-666fd7f elementor-widget elementor-widget-image\" data-id=\"666fd7f\" data-element_type=\"widget\" data-widget_type=\"image.default\">\n\t\t\t\t<div class=\"elementor-widget-container\">\n\t\t\t\t\t\t\t\t<div class=\"elementor-image\">\n\t\t\t\t\t\t\t\t\t\t\t\t<img decoding=\"async\" width=\"225\" height=\"300\" src=\"https:\/\/tierarzt-aachen.de\/wp-content\/uploads\/2019\/04\/P1000911-225x300.jpg\" class=\"attachment-medium size-medium\" alt=\"\" loading=\"lazy\" srcset=\"https:\/\/tierarzt-aachen.de\/wp-content\/uploads\/2019\/04\/P1000911-225x300.jpg 225w, https:\/\/tierarzt-aachen.de\/wp-content\/uploads\/2019\/04\/P1000911-768x1024.jpg 768w\" sizes=\"(max-width: 225px) 100vw, 225px\" \/>\t\t\t\t\t\t\t\t\t\t\t\t\t\t<\/div>\n\t\t\t\t\t\t<\/div>\n\t\t\t\t<\/div>\n\t\t\t\t\t\t<\/div>\n\t\t\t\t\t<\/div>\n\t\t<\/div>\n\t\t\t\t<div class=\"elementor-column elementor-col-50 elementor-inner-column elementor-element elementor-element-de95009\" data-id=\"de95009\" data-element_type=\"column\">\n\t\t\t<div class=\"elementor-column-wrap elementor-element-populated\">\n\t\t\t\t\t\t\t<div class=\"elementor-widget-wrap\">\n\t\t\t\t\t\t<div class=\"elementor-element elementor-element-7f95f3c elementor-widget elementor-widget-text-editor\" data-id=\"7f95f3c\" data-element_type=\"widget\" data-widget_type=\"text-editor.default\">\n\t\t\t\t<div class=\"elementor-widget-container\">\n\t\t\t\t\t\t\t\t<div class=\"elementor-text-editor elementor-clearfix\">\n\t\t\t\t<p><span style=\"font-family: 'Times New Roman',Times,Georgia,serif; font-size: 20px;\">Zur Sicherung der Diagnose stehen uns ein modernes Ultraschallger\u00e4t mit Farbdoppler und ein digitales R\u00f6ntgenger\u00e4t als bildgebende Verfahren zur Verf\u00fcgung.<\/span><\/p><p><span style=\"font-family: 'Times New Roman',Times,Georgia,serif; font-size: 20px;\">Die Praxis hat vom Verein f\u00fcr Deutsche Sch\u00e4ferhunde (SV) und anderen Hunderassenverb\u00e4nden die Zulassung zur offiziellen R\u00f6ntgenuntersuchung auf H\u00fcftgelenks- (HD), Schultergelenks- (OCD) und Ellbogengelenksdysplasie (ED).<\/span><\/p>\t\t\t\t\t<\/div>\n\t\t\t\t\t\t<\/div>\n\t\t\t\t<\/div>\n\t\t\t\t\t\t<\/div>\n\t\t\t\t\t<\/div>\n\t\t<\/div>\n\t\t\t\t\t\t\t\t<\/div>\n\t\t\t\t\t<\/div>\n\t\t<\/section>\n\t\t\t\t\t\t<\/div>\n\t\t\t\t\t<\/div>\n\t\t<\/div>\n\t\t\t\t\t\t\t\t<\/div>\n\t\t\t\t\t<\/div>\n\t\t<\/section>\n\t\t\t\t\t\t\t\t\t<\/div>\n\t\t\t<\/div>\n\t\t\t\t\t<\/div>\n\t\t","protected":false},"excerpt":{"rendered":"<p>Zur Sicherung der Diagnose stehen uns ein modernes Ultraschallger\u00e4t mit Farbdoppler und ein digitales R\u00f6ntgenger\u00e4t als bildgebende Verfahren zur Verf\u00fcgung. Die Praxis hat vom Verein f\u00fcr Deutsche Sch\u00e4ferhunde (SV) und anderen Hunderassenverb\u00e4nden die Zulassung zur offiziellen R\u00f6ntgenuntersuchung auf H\u00fcftgelenks- (HD), Schultergelenks- (OCD) und Ellbogengelenksdysplasie (ED).<\/p>\n","protected":false},"author":1,"featured_media":0,"parent":0,"menu_order":0,"comment_status":"closed","ping_status":"closed","template":"","meta":[],"aioseo_notices":[],"_links":{"self":[{"href":"https:\/\/tierarzt-aachen.de\/index.php?rest_route=\/wp\/v2\/pages\/595"}],"collection":[{"href":"https:\/\/tierarzt-aachen.de\/index.php?rest_route=\/wp\/v2\/pages"}],"about":[{"href":"https:\/\/tierarzt-aachen.de\/index.php?rest_route=\/wp\/v2\/types\/page"}],"author":[{"embeddable":true,"href":"https:\/\/tierarzt-aachen.de\/index.php?rest_route=\/wp\/v2\/users\/1"}],"replies":[{"embeddable":true,"href":"https:\/\/tierarzt-aachen.de\/index.php?rest_route=%2Fwp%2Fv2%2Fcomments&post=595"}],"version-history":[{"count":2,"href":"https:\/\/tierarzt-aachen.de\/index.php?rest_route=\/wp\/v2\/pages\/595\/revisions"}],"predecessor-version":[{"id":599,"href":"https:\/\/tierarzt-aachen.de\/index.php?rest_route=\/wp\/v2\/pages\/595\/revisions\/599"}],"wp:attachment":[{"href":"https:\/\/tierarzt-aachen.de\/index.php?rest_route=%2Fwp%2Fv2%2Fmedia&parent=595"}],"curies":[{"name":"wp","href":"https:\/\/api.w.org\/{rel}","templated":true}]}}