{"id":592,"date":"2019-04-10T10:11:12","date_gmt":"2019-04-10T08:11:12","guid":{"rendered":"https:\/\/tierarzt-aachen.de\/?page_id=592"},"modified":"2019-04-10T10:13:55","modified_gmt":"2019-04-10T08:13:55","slug":"chirurgie","status":"publish","type":"page","link":"https:\/\/tierarzt-aachen.de\/?page_id=592","title":{"rendered":"Chirurgie"},"content":{"rendered":"\t\t<div data-elementor-type=\"wp-post\" data-elementor-id=\"592\" class=\"elementor elementor-592\">\n\t\t\t\t\t\t<div class=\"elementor-inner\">\n\t\t\t\t<div class=\"elementor-section-wrap\">\n\t\t\t\t\t\t\t\t\t<section class=\"elementor-section elementor-top-section elementor-element elementor-element-bf09a75 elementor-section-boxed elementor-section-height-default elementor-section-height-default\" data-id=\"bf09a75\" data-element_type=\"section\">\n\t\t\t\t\t\t<div class=\"elementor-container elementor-column-gap-default\">\n\t\t\t\t\t\t\t<div class=\"elementor-row\">\n\t\t\t\t\t<div class=\"elementor-column elementor-col-100 elementor-top-column elementor-element elementor-element-a06ad8b\" data-id=\"a06ad8b\" data-element_type=\"column\">\n\t\t\t<div class=\"elementor-column-wrap elementor-element-populated\">\n\t\t\t\t\t\t\t<div class=\"elementor-widget-wrap\">\n\t\t\t\t\t\t<section class=\"elementor-section elementor-inner-section elementor-element elementor-element-fb6c1e9 elementor-section-boxed elementor-section-height-default elementor-section-height-default\" data-id=\"fb6c1e9\" data-element_type=\"section\">\n\t\t\t\t\t\t<div class=\"elementor-container elementor-column-gap-default\">\n\t\t\t\t\t\t\t<div class=\"elementor-row\">\n\t\t\t\t\t<div class=\"elementor-column elementor-col-50 elementor-inner-column elementor-element elementor-element-4c44b11\" data-id=\"4c44b11\" data-element_type=\"column\">\n\t\t\t<div class=\"elementor-column-wrap elementor-element-populated\">\n\t\t\t\t\t\t\t<div class=\"elementor-widget-wrap\">\n\t\t\t\t\t\t<div class=\"elementor-element elementor-element-b9eb57f elementor-widget elementor-widget-image\" data-id=\"b9eb57f\" data-element_type=\"widget\" data-widget_type=\"image.default\">\n\t\t\t\t<div class=\"elementor-widget-container\">\n\t\t\t\t\t\t\t\t<div class=\"elementor-image\">\n\t\t\t\t\t\t\t\t\t\t\t\t<img decoding=\"async\" width=\"300\" height=\"225\" src=\"https:\/\/tierarzt-aachen.de\/wp-content\/uploads\/2019\/03\/tierarzt-aachen-richter-chirurgie-01-300x225.jpg\" class=\"attachment-medium size-medium\" alt=\"\" loading=\"lazy\" srcset=\"https:\/\/tierarzt-aachen.de\/wp-content\/uploads\/2019\/03\/tierarzt-aachen-richter-chirurgie-01-300x225.jpg 300w, https:\/\/tierarzt-aachen.de\/wp-content\/uploads\/2019\/03\/tierarzt-aachen-richter-chirurgie-01-768x576.jpg 768w, https:\/\/tierarzt-aachen.de\/wp-content\/uploads\/2019\/03\/tierarzt-aachen-richter-chirurgie-01-1024x768.jpg 1024w, https:\/\/tierarzt-aachen.de\/wp-content\/uploads\/2019\/03\/tierarzt-aachen-richter-chirurgie-01.jpg 1920w\" sizes=\"(max-width: 300px) 100vw, 300px\" \/>\t\t\t\t\t\t\t\t\t\t\t\t\t\t<\/div>\n\t\t\t\t\t\t<\/div>\n\t\t\t\t<\/div>\n\t\t\t\t\t\t<\/div>\n\t\t\t\t\t<\/div>\n\t\t<\/div>\n\t\t\t\t<div class=\"elementor-column elementor-col-50 elementor-inner-column elementor-element elementor-element-ae065ba\" data-id=\"ae065ba\" data-element_type=\"column\">\n\t\t\t<div class=\"elementor-column-wrap elementor-element-populated\">\n\t\t\t\t\t\t\t<div class=\"elementor-widget-wrap\">\n\t\t\t\t\t\t<div class=\"elementor-element elementor-element-ecdc916 elementor-widget elementor-widget-text-editor\" data-id=\"ecdc916\" data-element_type=\"widget\" data-widget_type=\"text-editor.default\">\n\t\t\t\t<div class=\"elementor-widget-container\">\n\t\t\t\t\t\t\t\t<div class=\"elementor-text-editor elementor-clearfix\">\n\t\t\t\t<h2>Narkosen<\/h2><div class=\"paragraph\" style=\"margin-bottom: 30px;\"><p><span style=\"font-family: 'Times New Roman',Times,Georgia,serif; font-size: 18px;\">Vor jedem operativen Eingriff steht eine gr\u00fcndliche klinische Untersuchung. Bei kranken oder schon \u00e4lteren Patienten empfehlen wir vorab labordiagnostische und\/oder r\u00f6ntgenologische Untersuchungen, um das individuelle Operationsrisiko besser einsch\u00e4tzen zu k\u00f6nnen.<\/span><\/p><p><span style=\"font-family: 'Times New Roman',Times,Georgia,serif; font-size: 18px;\">Bei kleineren operativen Eingriffen (Kastration von Katzen, Kaninchen und Meerschweinchen) verwenden wir Injektionsnarkosen, die intramuskul\u00e4r verabreicht werden. Fortgef\u00fchrt wird die Narkose dann durch eine Inhalationsnarkose.<\/span><\/p><p><span style=\"font-family: 'Times New Roman',Times,Georgia,serif; font-size: 18px;\">Bei l\u00e4nger dauernden Operationen und generell bei Operationen beim Hund erhalten die Patienten aus Sicherheitsgr\u00fcnden zuerst einen intraven\u00f6sen Zugang (Braun\u00fcle), \u00fcber die dann auch das Injektionsnarkosemittel verabreicht wird. Auch hier erfolgt die Fortf\u00fchrung der Narkose durch Inhalation eines Isofluran-Lachgas-Sauerstoffgemisches.<\/span><\/p><p><span style=\"font-family: 'Times New Roman',Times,Georgia,serif; font-size: 18px;\">Wir Verwenden zur Narkoseeinleitung keine Narkosegask\u00e4fig, da sich viele Tiere w\u00e4hrend der Einschlafphase in der Box stark aufregen.<\/span><\/p><\/div><h2>Operationen<\/h2><div class=\"paragraph\"><p><span style=\"font-family: 'Times New Roman',Times,Georgia,serif; font-size: 18px;\">Neben h\u00e4ufig anfallenden Operationen wie z. B. Kastrationen bei Katze, Hund und Heimtier sind wir in der Lage, auch die im Folgenden aufgef\u00fchrten Operationen durchzuf\u00fchren:<\/span><\/p><\/div><div class=\"paragraph\"><ul class=\"list\" style=\"list-style: url('..\/..\/..\/..\/classes\/plugins\/ngpluginparagraph\/ngpluginparagraphlist\/styles\/default.png');\"><li><p><span style=\"font-family: 'Times New Roman',Times,Georgia,serif; font-size: 18px;\">Weichteilchirurgie (Operationen am Harnapparat, Magen, Darm, und anderen Bauchorganen)<\/span><\/p><\/li><li><p><span style=\"font-family: 'Times New Roman',Times,Georgia,serif; font-size: 18px;\">Orthop\u00e4dische Chirurgie wie die operative Versorgung des Kreuzbandrisses, der Patellaluxation sowie der H\u00fcftgelenksdysplasie<\/span><\/p><\/li><li><p><span style=\"font-family: 'Times New Roman',Times,Georgia,serif; font-size: 18px;\">Chirurgische Versorgung von Wachstumsst\u00f6rungen im Unterarmbereich und deren Folgen (Isolierter Proc. anconaeus und coronoideus)<\/span><\/p><\/li><li><p><span style=\"font-family: 'Times New Roman',Times,Georgia,serif; font-size: 18px;\">Operative Versorgung von Knochenbr\u00fcchen (Plattenosteosynthese, Marknagelung, Fixateur externe)<\/span><\/p><\/li><li><p><span style=\"font-family: 'Times New Roman',Times,Georgia,serif; font-size: 18px;\">Rekonstruktive Chirurgie einschlie\u00dflich Hautlappenplastik<\/span><\/p><\/li><li><p><span style=\"font-family: 'Times New Roman',Times,Georgia,serif; font-size: 18px;\">Operationen am Auge (Korrektur von Entropium und Ektropium; die operative Versorgung des Nickhautdr\u00fcsenprolaps (Cherry eye) und von Lidrandtumoren; Lidrekonstruktion nach Verletzungen)<\/span><\/p><\/li><li><p><span style=\"font-family: 'Times New Roman',Times,Georgia,serif; font-size: 18px;\">Tumorchirurgie<\/span><\/p><\/li><\/ul><\/div>\t\t\t\t\t<\/div>\n\t\t\t\t\t\t<\/div>\n\t\t\t\t<\/div>\n\t\t\t\t\t\t<\/div>\n\t\t\t\t\t<\/div>\n\t\t<\/div>\n\t\t\t\t\t\t\t\t<\/div>\n\t\t\t\t\t<\/div>\n\t\t<\/section>\n\t\t\t\t\t\t<\/div>\n\t\t\t\t\t<\/div>\n\t\t<\/div>\n\t\t\t\t\t\t\t\t<\/div>\n\t\t\t\t\t<\/div>\n\t\t<\/section>\n\t\t\t\t\t\t\t\t\t<\/div>\n\t\t\t<\/div>\n\t\t\t\t\t<\/div>\n\t\t","protected":false},"excerpt":{"rendered":"<p>Narkosen Vor jedem operativen Eingriff steht eine gr\u00fcndliche klinische Untersuchung. Bei kranken oder schon \u00e4lteren Patienten empfehlen wir vorab labordiagnostische und\/oder r\u00f6ntgenologische Untersuchungen, um das individuelle Operationsrisiko besser einsch\u00e4tzen zu k\u00f6nnen. Bei kleineren operativen Eingriffen (Kastration von Katzen, Kaninchen und Meerschweinchen) verwenden wir Injektionsnarkosen, die intramuskul\u00e4r verabreicht werden. Fortgef\u00fchrt wird die Narkose dann durch eine [&hellip;]<\/p>\n","protected":false},"author":1,"featured_media":0,"parent":0,"menu_order":0,"comment_status":"closed","ping_status":"closed","template":"","meta":[],"aioseo_notices":[],"_links":{"self":[{"href":"https:\/\/tierarzt-aachen.de\/index.php?rest_route=\/wp\/v2\/pages\/592"}],"collection":[{"href":"https:\/\/tierarzt-aachen.de\/index.php?rest_route=\/wp\/v2\/pages"}],"about":[{"href":"https:\/\/tierarzt-aachen.de\/index.php?rest_route=\/wp\/v2\/types\/page"}],"author":[{"embeddable":true,"href":"https:\/\/tierarzt-aachen.de\/index.php?rest_route=\/wp\/v2\/users\/1"}],"replies":[{"embeddable":true,"href":"https:\/\/tierarzt-aachen.de\/index.php?rest_route=%2Fwp%2Fv2%2Fcomments&post=592"}],"version-history":[{"count":2,"href":"https:\/\/tierarzt-aachen.de\/index.php?rest_route=\/wp\/v2\/pages\/592\/revisions"}],"predecessor-version":[{"id":594,"href":"https:\/\/tierarzt-aachen.de\/index.php?rest_route=\/wp\/v2\/pages\/592\/revisions\/594"}],"wp:attachment":[{"href":"https:\/\/tierarzt-aachen.de\/index.php?rest_route=%2Fwp%2Fv2%2Fmedia&parent=592"}],"curies":[{"name":"wp","href":"https:\/\/api.w.org\/{rel}","templated":true}]}}