{"id":573,"date":"2019-04-09T19:02:33","date_gmt":"2019-04-09T17:02:33","guid":{"rendered":"https:\/\/tierarzt-aachen.de\/?page_id=573"},"modified":"2019-04-09T19:03:58","modified_gmt":"2019-04-09T17:03:58","slug":"entfernung-von-zecken","status":"publish","type":"page","link":"https:\/\/tierarzt-aachen.de\/?page_id=573","title":{"rendered":"Entfernung von Zecken"},"content":{"rendered":"\t\t<div data-elementor-type=\"wp-post\" data-elementor-id=\"573\" class=\"elementor elementor-573\">\n\t\t\t\t\t\t<div class=\"elementor-inner\">\n\t\t\t\t<div class=\"elementor-section-wrap\">\n\t\t\t\t\t\t\t\t\t<section class=\"elementor-section elementor-top-section elementor-element elementor-element-fe938e1 elementor-section-boxed elementor-section-height-default elementor-section-height-default\" data-id=\"fe938e1\" data-element_type=\"section\">\n\t\t\t\t\t\t<div class=\"elementor-container elementor-column-gap-default\">\n\t\t\t\t\t\t\t<div class=\"elementor-row\">\n\t\t\t\t\t<div class=\"elementor-column elementor-col-100 elementor-top-column elementor-element elementor-element-7c2794f\" data-id=\"7c2794f\" data-element_type=\"column\">\n\t\t\t<div class=\"elementor-column-wrap elementor-element-populated\">\n\t\t\t\t\t\t\t<div class=\"elementor-widget-wrap\">\n\t\t\t\t\t\t<div class=\"elementor-element elementor-element-730afec elementor-widget elementor-widget-text-editor\" data-id=\"730afec\" data-element_type=\"widget\" data-widget_type=\"text-editor.default\">\n\t\t\t\t<div class=\"elementor-widget-container\">\n\t\t\t\t\t\t\t\t<div class=\"elementor-text-editor elementor-clearfix\">\n\t\t\t\t<p><span style=\"font-family: 'Times New Roman',Times,Georgia,serif; font-size: 18px;\">Zecken sind Parasiten, die auch in unseren Breitengraden nicht nur beim Menschen, sondern auch beim Hund w\u00e4hrend des Blutsaugens Infektionskrankheiten, wie zum Beispiel die Borreliose \u00fcbertragen k\u00f6nnen. Je l\u00e4nger eine infizierte Zecke auf dem Wirtstier parasitiert, um so gr\u00f6\u00dfer ist auch die Wahrscheinlichkeit, da\u00df sie ihn ebenfalls infiziert. Deshalb ist eine schnellstm\u00f6gliche Entfernung der Zecken vom K\u00f6rper sehr wichtig. In der w\u00e4rmeren Jahreszeit ist es empfehlenswert, unmittelbar nach dem Spaziergang das Haarkleid nach ihnen abzusuchen, weil sie sich zu diesem Zeitpunkt h\u00e4ufig noch gar nicht festgebissen haben und somit leicht aus dem Fell entfernt werden k\u00f6nnen.<\/span><\/p><p><span style=\"font-family: 'Times New Roman',Times,Georgia,serif; font-size: 18px;\">Zur Entfernung von bereits festgebissenen Zecken werden zahlreiche Hilfsmittel angeboten. Bei der Auswahl des geeigneten Instruments ist es lediglich wichtig, da\u00df man auch eine bereits prall mit Blut gef\u00fcllte Zecke direkt hinter den Bei\u00dfwerkzeugen so greifen kann, da\u00df ihr Leib dabei m\u00f6glichst wenig gequetscht wird. Durch eine behutsame, einfache Drehung in eine Richtung (ob im Uhrzeigersinn oder gegen den Uhrzeigersinn spielt keine Rolle) kann man sie dann zum L\u00f6sen ihres Bisses zwingen.<\/span><\/p><p><span style=\"font-family: 'Times New Roman',Times,Georgia,serif; font-size: 18px;\">Sollte Ihnen einmal das vollst\u00e4ndige Entfernen der Zecke nicht gegl\u00fcckt sein, so mu\u00df das nicht an der falschen Technik gelegen haben, sondern an der Tatsache, da\u00df die Zecke bereits tot war. In diesem Fall kann die Zecke eben nicht mehr loslassen und die Bei\u00dfwerkzeuge bleiben unweigerlich in der Wunde stecken. Aus diesem Grund sollte man die Zecke auch vorher nicht mit \u00d6l betr\u00e4ufeln, weil sie dann ebenfalls erstickt.<\/span><\/p><p><span style=\"font-family: 'Times New Roman',Times,Georgia,serif; font-size: 18px;\">Zur besseren Wundheilung sollten in der Wunde verbliebene Zeckenreste von einem Tierarzt chirurgisch entfernt werden!<\/span><\/p>\t\t\t\t\t<\/div>\n\t\t\t\t\t\t<\/div>\n\t\t\t\t<\/div>\n\t\t\t\t\t\t<\/div>\n\t\t\t\t\t<\/div>\n\t\t<\/div>\n\t\t\t\t\t\t\t\t<\/div>\n\t\t\t\t\t<\/div>\n\t\t<\/section>\n\t\t\t\t\t\t\t\t\t<\/div>\n\t\t\t<\/div>\n\t\t\t\t\t<\/div>\n\t\t","protected":false},"excerpt":{"rendered":"<p>Zecken sind Parasiten, die auch in unseren Breitengraden nicht nur beim Menschen, sondern auch beim Hund w\u00e4hrend des Blutsaugens Infektionskrankheiten, wie zum Beispiel die Borreliose \u00fcbertragen k\u00f6nnen. Je l\u00e4nger eine infizierte Zecke auf dem Wirtstier parasitiert, um so gr\u00f6\u00dfer ist auch die Wahrscheinlichkeit, da\u00df sie ihn ebenfalls infiziert. Deshalb ist eine schnellstm\u00f6gliche Entfernung der Zecken [&hellip;]<\/p>\n","protected":false},"author":1,"featured_media":0,"parent":0,"menu_order":0,"comment_status":"closed","ping_status":"closed","template":"","meta":[],"aioseo_notices":[],"_links":{"self":[{"href":"https:\/\/tierarzt-aachen.de\/index.php?rest_route=\/wp\/v2\/pages\/573"}],"collection":[{"href":"https:\/\/tierarzt-aachen.de\/index.php?rest_route=\/wp\/v2\/pages"}],"about":[{"href":"https:\/\/tierarzt-aachen.de\/index.php?rest_route=\/wp\/v2\/types\/page"}],"author":[{"embeddable":true,"href":"https:\/\/tierarzt-aachen.de\/index.php?rest_route=\/wp\/v2\/users\/1"}],"replies":[{"embeddable":true,"href":"https:\/\/tierarzt-aachen.de\/index.php?rest_route=%2Fwp%2Fv2%2Fcomments&post=573"}],"version-history":[{"count":2,"href":"https:\/\/tierarzt-aachen.de\/index.php?rest_route=\/wp\/v2\/pages\/573\/revisions"}],"predecessor-version":[{"id":576,"href":"https:\/\/tierarzt-aachen.de\/index.php?rest_route=\/wp\/v2\/pages\/573\/revisions\/576"}],"wp:attachment":[{"href":"https:\/\/tierarzt-aachen.de\/index.php?rest_route=%2Fwp%2Fv2%2Fmedia&parent=573"}],"curies":[{"name":"wp","href":"https:\/\/api.w.org\/{rel}","templated":true}]}}