{"id":570,"date":"2019-04-09T18:36:51","date_gmt":"2019-04-09T16:36:51","guid":{"rendered":"https:\/\/tierarzt-aachen.de\/?page_id=570"},"modified":"2019-04-09T18:40:05","modified_gmt":"2019-04-09T16:40:05","slug":"mein-tier-wurde-heute-operiert","status":"publish","type":"page","link":"https:\/\/tierarzt-aachen.de\/?page_id=570","title":{"rendered":"Mein Tier wurde heute operiert !"},"content":{"rendered":"\t\t<div data-elementor-type=\"wp-post\" data-elementor-id=\"570\" class=\"elementor elementor-570\">\n\t\t\t\t\t\t<div class=\"elementor-inner\">\n\t\t\t\t<div class=\"elementor-section-wrap\">\n\t\t\t\t\t\t\t\t\t<section class=\"elementor-section elementor-top-section elementor-element elementor-element-4d69bcc elementor-section-boxed elementor-section-height-default elementor-section-height-default\" data-id=\"4d69bcc\" data-element_type=\"section\">\n\t\t\t\t\t\t<div class=\"elementor-container elementor-column-gap-default\">\n\t\t\t\t\t\t\t<div class=\"elementor-row\">\n\t\t\t\t\t<div class=\"elementor-column elementor-col-100 elementor-top-column elementor-element elementor-element-721b977\" data-id=\"721b977\" data-element_type=\"column\">\n\t\t\t<div class=\"elementor-column-wrap elementor-element-populated\">\n\t\t\t\t\t\t\t<div class=\"elementor-widget-wrap\">\n\t\t\t\t\t\t<div class=\"elementor-element elementor-element-c183a31 elementor-widget elementor-widget-text-editor\" data-id=\"c183a31\" data-element_type=\"widget\" data-widget_type=\"text-editor.default\">\n\t\t\t\t<div class=\"elementor-widget-container\">\n\t\t\t\t\t\t\t\t<div class=\"elementor-text-editor elementor-clearfix\">\n\t\t\t\t<ul><li style=\"font-family: Times New Roman; font-size: 16px;\"><span style=\"font-weight: bold; font-style: italic; font-size: 24px;\">Was m\u00fcssen Sie beachten ?<\/span><\/li><\/ul><p style=\"font-family: Times New Roman; font-size: 16px;\">\u00a0<\/p><p style=\"font-family: Times New Roman; font-size: 16px;\"><span style=\"font-weight: bold; font-size: 18px;\">1. Zustand nach Narkose<\/span><\/p><p style=\"font-family: Times New Roman; font-size: 16px;\"><span style=\"font-size: 18px;\">H\u00e4ufig ist Ihr Tier noch nicht v\u00f6llig aus der Narkose erwacht, wenn Sie es abholen. Bitte beachten Sie deswegen folgendes: <\/span><\/p><p style=\"font-family: Times New Roman; font-size: 16px;\"><span style=\"font-size: 18px;\">Tier in ruhigem, nach M\u00f6glichkeit abgedunkelten Raum halten. Gesteigerte Ger\u00e4uschempfindlichkeit, Jaulen und Unruhe sind in der Aufwachphase h\u00e4ufig und kein Grund zur Beunruhigung. <\/span><\/p><p style=\"font-family: Times New Roman; font-size: 16px;\"><span style=\"font-size: 18px;\">Tier auf den Boden legen, damit es nicht st\u00fcrzen kann <\/span><\/p><p style=\"font-family: Times New Roman; font-size: 16px;\"><span style=\"font-size: 18px;\">Tier warm halten (z. B. mit einer Decke; kein Heizkissen!)<\/span><\/p><p style=\"font-family: Times New Roman; font-size: 16px;\">\u00a0<\/p><p style=\"font-family: Times New Roman; font-size: 16px;\"><span style=\"font-weight: bold; font-size: 18px;\">2. F\u00fctterung nach der Narkose<\/span><\/p><p style=\"font-family: Times New Roman; font-size: 16px;\"><span style=\"font-size: 18px;\">Erst wenn das Tier wieder v\u00f6llig wach ist, kann Wasser in kleinen Mengen und erst am n\u00e4chsten Tag Futter angeboten werden.<\/span><\/p><p style=\"font-family: Times New Roman; font-size: 16px;\">\u00a0<\/p><p style=\"font-family: Times New Roman; font-size: 16px;\"><span style=\"font-weight: bold; font-size: 18px;\">3. Haltung des Tieres<\/span><\/p><p style=\"font-family: Times New Roman; font-size: 16px;\"><span style=\"font-size: 18px;\">Den Patienten nach der Operation f\u00fcr 5 &#8211; 7 Tage ruhig halten, sofern Sie keine anderen Anweisungen vom Tierarzt erhalten haben. Katzen in dieser Zeit im Haus halten.<\/span><\/p><p style=\"font-family: Times New Roman; font-size: 16px;\">\u00a0<\/p><p style=\"font-family: Times New Roman; font-size: 16px;\"><span style=\"font-weight: bold; font-size: 18px;\">4. Wundheilung<\/span><\/p><p style=\"font-family: Times New Roman; font-size: 16px;\"><span style=\"font-size: 18px;\">Damit die Operationswunde ohne Komplikationen abheilen kann, sind folgende Punkte unbedingt zu beachten:<\/span><\/p><p style=\"font-family: Times New Roman; font-size: 16px;\"><span style=\"font-size: 18px;\">Die Wunde darf nicht vom Tier beleckt oder benagt werden (auch nicht nur ab und zu einmal). Dies kann durch einen Plastikkragen verhindert werden. <\/span><\/p><p style=\"font-family: Times New Roman; font-size: 16px;\"><span style=\"font-size: 18px;\">Wenn sich ein Pflaster l\u00f6st, kann es unbedenklich entfernt werden und braucht nicht durch ein neues ersetzt werden. <\/span><\/p><p style=\"font-family: Times New Roman; font-size: 16px;\"><span style=\"font-size: 18px;\">Eine geringgradige Schwellung und\/oder R\u00f6tung der Wundr\u00e4nder kann auftreten; dies ist unbedenklich. Bei starker Schwellung (in der Regel bedingt durch Ansammlung von Wundfl\u00fcssigkeit) oder starker R\u00f6tung (entz\u00fcndliches \u00d6dem) lassen Sie die Wunde bitte von uns kontrollieren <\/span><\/p><p style=\"font-family: Times New Roman; font-size: 16px;\"><span style=\"font-size: 18px;\">Bitte schr\u00e4nken Sie die Bewegung des frisch operierten Tieres bis zum F\u00e4den ziehen m\u00f6glichst ein, da Bewegung im Wundbereich die Bildung von Wundfl\u00fcssigkeit f\u00f6rdert. Bitte halten Sie Ihren Hund in dieser Zeit an der Leine. Katzen sollten in dieser Phase m\u00f6glichst im Haus gehalten werden. <\/span><\/p><p style=\"font-family: Times New Roman; font-size: 16px;\"><span style=\"font-size: 18px;\">F\u00e4den nach 10 &#8211; 12 Tagen von uns ziehen lassen<\/span><\/p><p style=\"font-family: Times New Roman; font-size: 16px;\">\u00a0<\/p><p style=\"font-family: Times New Roman; font-size: 16px;\"><span style=\"font-weight: bold; font-size: 18px;\">5. Verband<\/span><\/p><p style=\"font-family: Times New Roman; font-size: 16px;\"><span style=\"font-size: 18px;\">Wenn nach der Operation von uns ein Verband angelegt wurde, achten Sie bitte darauf, da\u00df der Verband<\/span><\/p><p style=\"font-family: Times New Roman; font-size: 16px;\"><span style=\"font-size: 18px;\">&#8211; trocken bleibt. Sch\u00fctzen Sie den Verband vor Regen und N\u00e4sse durch \u00dcberziehen einer Plastikt\u00fcte kurz vor dem Gassigehen. Ziehen\u00a0\u00a0 Sie die Plastikt\u00fcte bitte nach dem Spaziergang sofort wieder ab, da der Verband sonst durch Schwei\u00dfbildung ebenfalls zu feucht werden kann. <\/span><\/p><p style=\"font-family: Times New Roman; font-size: 16px;\"><span style=\"font-size: 18px;\">&#8211; nicht staut, d. h. es zu keiner Schwellung unterhalb oder oberhalb des Verbandes kommt. Wenn ja, Kontrolle durch den Tierarzt! <\/span><\/p><p style=\"font-family: Times New Roman; font-size: 16px;\"><span style=\"font-size: 18px;\">&#8211; nicht benagt wird (Kragen anlegen!). Wenn doch, dann Kontrolle durch den Tierarzt<\/span><\/p>\t\t\t\t\t<\/div>\n\t\t\t\t\t\t<\/div>\n\t\t\t\t<\/div>\n\t\t\t\t\t\t<\/div>\n\t\t\t\t\t<\/div>\n\t\t<\/div>\n\t\t\t\t\t\t\t\t<\/div>\n\t\t\t\t\t<\/div>\n\t\t<\/section>\n\t\t\t\t\t\t\t\t\t<\/div>\n\t\t\t<\/div>\n\t\t\t\t\t<\/div>\n\t\t","protected":false},"excerpt":{"rendered":"<p>Was m\u00fcssen Sie beachten ? \u00a0 1. Zustand nach Narkose H\u00e4ufig ist Ihr Tier noch nicht v\u00f6llig aus der Narkose erwacht, wenn Sie es abholen. Bitte beachten Sie deswegen folgendes: Tier in ruhigem, nach M\u00f6glichkeit abgedunkelten Raum halten. Gesteigerte Ger\u00e4uschempfindlichkeit, Jaulen und Unruhe sind in der Aufwachphase h\u00e4ufig und kein Grund zur Beunruhigung. Tier auf [&hellip;]<\/p>\n","protected":false},"author":1,"featured_media":0,"parent":0,"menu_order":0,"comment_status":"closed","ping_status":"closed","template":"","meta":[],"aioseo_notices":[],"_links":{"self":[{"href":"https:\/\/tierarzt-aachen.de\/index.php?rest_route=\/wp\/v2\/pages\/570"}],"collection":[{"href":"https:\/\/tierarzt-aachen.de\/index.php?rest_route=\/wp\/v2\/pages"}],"about":[{"href":"https:\/\/tierarzt-aachen.de\/index.php?rest_route=\/wp\/v2\/types\/page"}],"author":[{"embeddable":true,"href":"https:\/\/tierarzt-aachen.de\/index.php?rest_route=\/wp\/v2\/users\/1"}],"replies":[{"embeddable":true,"href":"https:\/\/tierarzt-aachen.de\/index.php?rest_route=%2Fwp%2Fv2%2Fcomments&post=570"}],"version-history":[{"count":2,"href":"https:\/\/tierarzt-aachen.de\/index.php?rest_route=\/wp\/v2\/pages\/570\/revisions"}],"predecessor-version":[{"id":572,"href":"https:\/\/tierarzt-aachen.de\/index.php?rest_route=\/wp\/v2\/pages\/570\/revisions\/572"}],"wp:attachment":[{"href":"https:\/\/tierarzt-aachen.de\/index.php?rest_route=%2Fwp%2Fv2%2Fmedia&parent=570"}],"curies":[{"name":"wp","href":"https:\/\/api.w.org\/{rel}","templated":true}]}}