{"id":565,"date":"2019-04-09T18:31:10","date_gmt":"2019-04-09T16:31:10","guid":{"rendered":"https:\/\/tierarzt-aachen.de\/?page_id=565"},"modified":"2019-04-09T18:36:05","modified_gmt":"2019-04-09T16:36:05","slug":"mein-tier-wird-morgen-operiert","status":"publish","type":"page","link":"https:\/\/tierarzt-aachen.de\/?page_id=565","title":{"rendered":"Mein Tier wird morgen operiert !"},"content":{"rendered":"\t\t<div data-elementor-type=\"wp-post\" data-elementor-id=\"565\" class=\"elementor elementor-565\">\n\t\t\t\t\t\t<div class=\"elementor-inner\">\n\t\t\t\t<div class=\"elementor-section-wrap\">\n\t\t\t\t\t\t\t\t\t<section class=\"elementor-section elementor-top-section elementor-element elementor-element-b49275e elementor-section-boxed elementor-section-height-default elementor-section-height-default\" data-id=\"b49275e\" data-element_type=\"section\">\n\t\t\t\t\t\t<div class=\"elementor-container elementor-column-gap-default\">\n\t\t\t\t\t\t\t<div class=\"elementor-row\">\n\t\t\t\t\t<div class=\"elementor-column elementor-col-100 elementor-top-column elementor-element elementor-element-e208ec6\" data-id=\"e208ec6\" data-element_type=\"column\">\n\t\t\t<div class=\"elementor-column-wrap elementor-element-populated\">\n\t\t\t\t\t\t\t<div class=\"elementor-widget-wrap\">\n\t\t\t\t\t\t<div class=\"elementor-element elementor-element-b3acca4 elementor-widget elementor-widget-text-editor\" data-id=\"b3acca4\" data-element_type=\"widget\" data-widget_type=\"text-editor.default\">\n\t\t\t\t<div class=\"elementor-widget-container\">\n\t\t\t\t\t\t\t\t<div class=\"elementor-text-editor elementor-clearfix\">\n\t\t\t\t<p style=\"font-family: Times New Roman; font-size: 16px;\"><span style=\"font-family: Arial,'Helvetica',sans-serif; font-size: 18px;\">Sie haben morgen einen Operationstermin f\u00fcr Ihren vierbeinigen Hausgenossen!<\/span><\/p><p style=\"font-family: Times New Roman; font-size: 16px;\"><span style=\"font-family: Arial,'Helvetica',sans-serif; font-size: 18px;\">Damit die Narkose ohne Komplikationen verlaufen kann, sollten Sie folgende Punkte befolgen:<\/span><\/p><p style=\"font-family: Times New Roman; font-size: 16px;\"><span style=\"font-size: 18px;\">Kein Fressen und Trinken nach 23.00 am Vortag ! <\/span><\/p><p style=\"font-family: Times New Roman; font-size: 16px;\"><span style=\"font-size: 18px;\">Kurz vor der Operation sollten Sie &#8211; zur eigenen Entspannung und der des Hundes &#8211; ausgiebig spazieren gehen ! <\/span><\/p><p style=\"font-family: Times New Roman; font-size: 16px;\"><span style=\"font-size: 18px;\">Benutzen Sie zum Transport von Katzen und kleinen Heimtieren (Kaninchen, Meerschweinchen, u. a. ) sichere Transportboxen, damit sie unterwegs nicht aus dem Beh\u00e4ltnis fliehen k\u00f6nnen und im Stra\u00dfenverkehr wom\u00f6glich zu Schaden kommen k\u00f6nnten ! Verwenden Sie bitte keine Weidek\u00f6rbe, da ihre T\u00fcrgitter nicht sicher schlie\u00dfen und sich einige Tiere durch das Weidengeflecht durchfressen. <\/span><\/p><p style=\"font-family: Times New Roman; font-size: 16px;\"><span style=\"font-size: 18px;\">Wenn Sie den Eindruck haben, da\u00df sich Ihr Liebling nicht so verh\u00e4lt wie sonst, sagen Sie uns dies bitte noch einmal vor den Operationsvorbereitungen ! <\/span><\/p><p style=\"font-family: Times New Roman; font-size: 16px;\"><span style=\"font-size: 18px;\">Unsere Patienten werden nach der Operation bis zum Abklingen des Narkosezustandes auf unserer Station \u00fcberwacht. Trotzdem sollten Sie sich f\u00fcr den Zeitraum nach der Operation etwas Zeit nehmen, damit Sie sich zumindest in den sich direkt anschlie\u00dfenden Stunden um Ihren vierbeinigen Freund k\u00fcmmern k\u00f6nnen !<\/span><\/p>\t\t\t\t\t<\/div>\n\t\t\t\t\t\t<\/div>\n\t\t\t\t<\/div>\n\t\t\t\t\t\t<\/div>\n\t\t\t\t\t<\/div>\n\t\t<\/div>\n\t\t\t\t\t\t\t\t<\/div>\n\t\t\t\t\t<\/div>\n\t\t<\/section>\n\t\t\t\t\t\t\t\t\t<\/div>\n\t\t\t<\/div>\n\t\t\t\t\t<\/div>\n\t\t","protected":false},"excerpt":{"rendered":"<p>Sie haben morgen einen Operationstermin f\u00fcr Ihren vierbeinigen Hausgenossen! Damit die Narkose ohne Komplikationen verlaufen kann, sollten Sie folgende Punkte befolgen: Kein Fressen und Trinken nach 23.00 am Vortag ! Kurz vor der Operation sollten Sie &#8211; zur eigenen Entspannung und der des Hundes &#8211; ausgiebig spazieren gehen ! Benutzen Sie zum Transport von Katzen [&hellip;]<\/p>\n","protected":false},"author":1,"featured_media":0,"parent":0,"menu_order":0,"comment_status":"closed","ping_status":"closed","template":"","meta":[],"aioseo_notices":[],"_links":{"self":[{"href":"https:\/\/tierarzt-aachen.de\/index.php?rest_route=\/wp\/v2\/pages\/565"}],"collection":[{"href":"https:\/\/tierarzt-aachen.de\/index.php?rest_route=\/wp\/v2\/pages"}],"about":[{"href":"https:\/\/tierarzt-aachen.de\/index.php?rest_route=\/wp\/v2\/types\/page"}],"author":[{"embeddable":true,"href":"https:\/\/tierarzt-aachen.de\/index.php?rest_route=\/wp\/v2\/users\/1"}],"replies":[{"embeddable":true,"href":"https:\/\/tierarzt-aachen.de\/index.php?rest_route=%2Fwp%2Fv2%2Fcomments&post=565"}],"version-history":[{"count":3,"href":"https:\/\/tierarzt-aachen.de\/index.php?rest_route=\/wp\/v2\/pages\/565\/revisions"}],"predecessor-version":[{"id":569,"href":"https:\/\/tierarzt-aachen.de\/index.php?rest_route=\/wp\/v2\/pages\/565\/revisions\/569"}],"wp:attachment":[{"href":"https:\/\/tierarzt-aachen.de\/index.php?rest_route=%2Fwp%2Fv2%2Fmedia&parent=565"}],"curies":[{"name":"wp","href":"https:\/\/api.w.org\/{rel}","templated":true}]}}