{"id":219,"date":"2019-04-04T18:02:54","date_gmt":"2019-04-04T16:02:54","guid":{"rendered":"https:\/\/tierarzt-aachen.de\/?page_id=219"},"modified":"2024-11-13T13:11:44","modified_gmt":"2024-11-13T12:11:44","slug":"dr-med-vet-kerstin-richter","status":"publish","type":"page","link":"https:\/\/tierarzt-aachen.de\/?page_id=219","title":{"rendered":"Dr. med. vet. Kerstin Richter"},"content":{"rendered":"\t\t<div data-elementor-type=\"wp-page\" data-elementor-id=\"219\" class=\"elementor elementor-219\">\n\t\t\t\t\t\t<div class=\"elementor-inner\">\n\t\t\t\t<div class=\"elementor-section-wrap\">\n\t\t\t\t\t\t\t\t\t<section class=\"elementor-section elementor-top-section elementor-element elementor-element-032cd9f elementor-section-boxed elementor-section-height-default elementor-section-height-default\" data-id=\"032cd9f\" data-element_type=\"section\">\n\t\t\t\t\t\t<div class=\"elementor-container elementor-column-gap-default\">\n\t\t\t\t\t\t\t<div class=\"elementor-row\">\n\t\t\t\t\t<div class=\"elementor-column elementor-col-100 elementor-top-column elementor-element elementor-element-7c5a8ae\" data-id=\"7c5a8ae\" data-element_type=\"column\">\n\t\t\t<div class=\"elementor-column-wrap elementor-element-populated\">\n\t\t\t\t\t\t\t<div class=\"elementor-widget-wrap\">\n\t\t\t\t\t\t<section class=\"elementor-section elementor-inner-section elementor-element elementor-element-743b6ec elementor-section-boxed elementor-section-height-default elementor-section-height-default\" data-id=\"743b6ec\" data-element_type=\"section\">\n\t\t\t\t\t\t<div class=\"elementor-container elementor-column-gap-default\">\n\t\t\t\t\t\t\t<div class=\"elementor-row\">\n\t\t\t\t\t<div class=\"elementor-column elementor-col-50 elementor-inner-column elementor-element elementor-element-8bc9f92\" data-id=\"8bc9f92\" data-element_type=\"column\">\n\t\t\t<div class=\"elementor-column-wrap elementor-element-populated\">\n\t\t\t\t\t\t\t<div class=\"elementor-widget-wrap\">\n\t\t\t\t\t\t<div class=\"elementor-element elementor-element-8eaec26 elementor-widget elementor-widget-image\" data-id=\"8eaec26\" data-element_type=\"widget\" data-widget_type=\"image.default\">\n\t\t\t\t<div class=\"elementor-widget-container\">\n\t\t\t\t\t\t\t\t<div class=\"elementor-image\">\n\t\t\t\t\t\t\t\t\t\t\t\t<img decoding=\"async\" width=\"768\" height=\"576\" src=\"https:\/\/tierarzt-aachen.de\/wp-content\/uploads\/2019\/03\/tierarzt-aachen-dr-richter-kerstin1-768x576.jpg\" class=\"attachment-medium_large size-medium_large\" alt=\"\" loading=\"lazy\" srcset=\"https:\/\/tierarzt-aachen.de\/wp-content\/uploads\/2019\/03\/tierarzt-aachen-dr-richter-kerstin1-768x576.jpg 768w, https:\/\/tierarzt-aachen.de\/wp-content\/uploads\/2019\/03\/tierarzt-aachen-dr-richter-kerstin1-300x225.jpg 300w, https:\/\/tierarzt-aachen.de\/wp-content\/uploads\/2019\/03\/tierarzt-aachen-dr-richter-kerstin1-1024x768.jpg 1024w\" sizes=\"(max-width: 768px) 100vw, 768px\" \/>\t\t\t\t\t\t\t\t\t\t\t\t\t\t<\/div>\n\t\t\t\t\t\t<\/div>\n\t\t\t\t<\/div>\n\t\t\t\t\t\t<\/div>\n\t\t\t\t\t<\/div>\n\t\t<\/div>\n\t\t\t\t<div class=\"elementor-column elementor-col-50 elementor-inner-column elementor-element elementor-element-78e289a\" data-id=\"78e289a\" data-element_type=\"column\">\n\t\t\t<div class=\"elementor-column-wrap elementor-element-populated\">\n\t\t\t\t\t\t\t<div class=\"elementor-widget-wrap\">\n\t\t\t\t\t\t<div class=\"elementor-element elementor-element-8579af5 elementor-widget elementor-widget-text-editor\" data-id=\"8579af5\" data-element_type=\"widget\" data-widget_type=\"text-editor.default\">\n\t\t\t\t<div class=\"elementor-widget-container\">\n\t\t\t\t\t\t\t\t<div class=\"elementor-text-editor elementor-clearfix\">\n\t\t\t\t<p><strong><em>Fachtier\u00e4rztin f\u00fcr kleine Haus- und Heimtiere<\/em><\/strong><br \/><br \/>Frau Dr. Kerstin Richter k\u00fcmmert sich schwerpunktm\u00e4\u00dfig um die internistischen Patienten in der Praxis.<\/p>\t\t\t\t\t<\/div>\n\t\t\t\t\t\t<\/div>\n\t\t\t\t<\/div>\n\t\t\t\t\t\t<\/div>\n\t\t\t\t\t<\/div>\n\t\t<\/div>\n\t\t\t\t\t\t\t\t<\/div>\n\t\t\t\t\t<\/div>\n\t\t<\/section>\n\t\t\t\t\t\t<\/div>\n\t\t\t\t\t<\/div>\n\t\t<\/div>\n\t\t\t\t\t\t\t\t<\/div>\n\t\t\t\t\t<\/div>\n\t\t<\/section>\n\t\t\t\t<section class=\"elementor-section elementor-top-section elementor-element elementor-element-4ac2df9c elementor-section-boxed elementor-section-height-default elementor-section-height-default\" data-id=\"4ac2df9c\" data-element_type=\"section\">\n\t\t\t\t\t\t<div class=\"elementor-container elementor-column-gap-default\">\n\t\t\t\t\t\t\t<div class=\"elementor-row\">\n\t\t\t\t\t<div class=\"elementor-column elementor-col-100 elementor-top-column elementor-element elementor-element-2b4eb99f\" data-id=\"2b4eb99f\" data-element_type=\"column\">\n\t\t\t<div class=\"elementor-column-wrap elementor-element-populated\">\n\t\t\t\t\t\t\t<div class=\"elementor-widget-wrap\">\n\t\t\t\t\t\t<div class=\"elementor-element elementor-element-47ac03e2 elementor-widget elementor-widget-text-editor\" data-id=\"47ac03e2\" data-element_type=\"widget\" data-widget_type=\"text-editor.default\">\n\t\t\t\t<div class=\"elementor-widget-container\">\n\t\t\t\t\t\t\t\t<div class=\"elementor-text-editor elementor-clearfix\">\n\t\t\t\t<p><!-- wp:heading --><\/p>\n\n<p><!-- \/wp:heading --><\/p>\n<p><!-- wp:image --><\/p>\n<figure class=\"wp-block-image\"><img decoding=\"async\" src=\"http:\/\/tierarzt-aachen.eu\/images\/pictures\/54fb020f\/kestin-richter02.jpg?w=245&amp;h=327\" alt=\"\"><\/figure>\n<p><!-- \/wp:image --><\/p>\n<p><!-- wp:paragraph --><\/p>\n<p><!-- \/wp:paragraph --><\/p>\n<p><!-- wp:heading --><\/p>\n<h2>Beruflicher Werdegang Dr. Kerstin Richter<\/h2>\n<p><!-- \/wp:heading --><\/p>\n<p><!-- wp:table --><\/p>\n<table class=\"wp-block-table\">\n<tbody>\n<tr>\n<td>1987<\/td>\n<td>Beginn des Studiums der Tiermedizin an der Freien Universit\u00e4t Berlin<\/td>\n<\/tr>\n<tr>\n<td>1993<\/td>\n<td>Approbation zur Tier\u00e4rztin<\/td>\n<\/tr>\n<tr>\n<td>1993<\/td>\n<td>Dreij\u00e4hrige Weiterbildung an der Klinik und Poliklinik f\u00fcr kleine<br>Haustiere an der Freien Universit\u00e4t Berlin unter der Leitung von Prof.<br>Brunnberg<\/td>\n<\/tr>\n<tr>\n<td>1996<\/td>\n<td>Promotion \u00fcber Wundheilungsst\u00f6rungen bei Hund und Katze<\/td>\n<\/tr>\n<tr>\n<td>1996<\/td>\n<td>Niederlassung in eigener Praxis in Aachen<\/td>\n<\/tr>\n<tr>\n<td>1997<\/td>\n<td>Anerkennung zur Fachtier\u00e4rztin f\u00fcr kleine Haus- und Heimtiere<\/td>\n<\/tr>\n<\/tbody>\n<\/table>\n<p><!-- \/wp:table --><\/p>\n<p><!-- wp:heading --><\/p>\n<h2>Fortbildung Dr. Kerstin Richter<\/h2>\n<p><!-- \/wp:heading --><\/p>\n<p><!-- wp:paragraph --><\/p>\n<p>Dr. Kerstin Richter ist Mitglied der deutschen Gesellschaft f\u00fcr ganzheitliche Tiermedizin (DGTM)<\/p>\n<p><!-- \/wp:paragraph --><\/p>\n<p><!-- wp:paragraph --><\/p>\n<p>Frau Dr. Richter nimmt regelm\u00e4\u00dfig an regionalen und \u00fcberregionalen Fortbildungsveranstaltungen statt.<\/p>\n<p><!-- \/wp:paragraph --><\/p>\t\t\t\t\t<\/div>\n\t\t\t\t\t\t<\/div>\n\t\t\t\t<\/div>\n\t\t\t\t\t\t<\/div>\n\t\t\t\t\t<\/div>\n\t\t<\/div>\n\t\t\t\t\t\t\t\t<\/div>\n\t\t\t\t\t<\/div>\n\t\t<\/section>\n\t\t\t\t\t\t\t\t\t<\/div>\n\t\t\t<\/div>\n\t\t\t\t\t<\/div>\n\t\t","protected":false},"excerpt":{"rendered":"<p>Fachtier\u00e4rztin f\u00fcr kleine Haus- und Heimtiere Frau Dr. Kerstin Richter k\u00fcmmert sich schwerpunktm\u00e4\u00dfig um die internistischen Patienten in der Praxis. Beruflicher Werdegang Dr. Kerstin Richter 1987 Beginn des Studiums der Tiermedizin an der Freien Universit\u00e4t Berlin 1993 Approbation zur Tier\u00e4rztin 1993 Dreij\u00e4hrige Weiterbildung an der Klinik und Poliklinik f\u00fcr kleineHaustiere an der Freien Universit\u00e4t Berlin [&hellip;]<\/p>\n","protected":false},"author":1,"featured_media":0,"parent":0,"menu_order":0,"comment_status":"closed","ping_status":"closed","template":"","meta":[],"aioseo_notices":[],"_links":{"self":[{"href":"https:\/\/tierarzt-aachen.de\/index.php?rest_route=\/wp\/v2\/pages\/219"}],"collection":[{"href":"https:\/\/tierarzt-aachen.de\/index.php?rest_route=\/wp\/v2\/pages"}],"about":[{"href":"https:\/\/tierarzt-aachen.de\/index.php?rest_route=\/wp\/v2\/types\/page"}],"author":[{"embeddable":true,"href":"https:\/\/tierarzt-aachen.de\/index.php?rest_route=\/wp\/v2\/users\/1"}],"replies":[{"embeddable":true,"href":"https:\/\/tierarzt-aachen.de\/index.php?rest_route=%2Fwp%2Fv2%2Fcomments&post=219"}],"version-history":[{"count":22,"href":"https:\/\/tierarzt-aachen.de\/index.php?rest_route=\/wp\/v2\/pages\/219\/revisions"}],"predecessor-version":[{"id":1441,"href":"https:\/\/tierarzt-aachen.de\/index.php?rest_route=\/wp\/v2\/pages\/219\/revisions\/1441"}],"wp:attachment":[{"href":"https:\/\/tierarzt-aachen.de\/index.php?rest_route=%2Fwp%2Fv2%2Fmedia&parent=219"}],"curies":[{"name":"wp","href":"https:\/\/api.w.org\/{rel}","templated":true}]}}