{"id":2,"date":"2019-03-25T14:25:25","date_gmt":"2019-03-25T13:25:25","guid":{"rendered":"https:\/\/tierarzt-aachen.de\/?page_id=2"},"modified":"2023-05-30T18:56:09","modified_gmt":"2023-05-30T16:56:09","slug":"home","status":"publish","type":"page","link":"https:\/\/tierarzt-aachen.de\/","title":{"rendered":"Home"},"content":{"rendered":"\t\t<div data-elementor-type=\"wp-post\" data-elementor-id=\"2\" class=\"elementor elementor-2\">\n\t\t\t\t\t\t<div class=\"elementor-inner\">\n\t\t\t\t<div class=\"elementor-section-wrap\">\n\t\t\t\t\t\t\t\t\t<section class=\"elementor-section elementor-top-section elementor-element elementor-element-1a182553 elementor-section-boxed elementor-section-height-default elementor-section-height-default\" data-id=\"1a182553\" data-element_type=\"section\">\n\t\t\t\t\t\t<div class=\"elementor-container elementor-column-gap-default\">\n\t\t\t\t\t\t\t<div class=\"elementor-row\">\n\t\t\t\t\t<div class=\"elementor-column elementor-col-100 elementor-top-column elementor-element elementor-element-233e4179\" data-id=\"233e4179\" data-element_type=\"column\">\n\t\t\t<div class=\"elementor-column-wrap elementor-element-populated\">\n\t\t\t\t\t\t\t<div class=\"elementor-widget-wrap\">\n\t\t\t\t\t\t<div class=\"elementor-element elementor-element-b7b1594 elementor-widget elementor-widget-spacer\" data-id=\"b7b1594\" data-element_type=\"widget\" data-widget_type=\"spacer.default\">\n\t\t\t\t<div class=\"elementor-widget-container\">\n\t\t\t\t\t<div class=\"elementor-spacer\">\n\t\t\t<div class=\"elementor-spacer-inner\"><\/div>\n\t\t<\/div>\n\t\t\t\t<\/div>\n\t\t\t\t<\/div>\n\t\t\t\t<div class=\"elementor-element elementor-element-5ed1d0e elementor-widget elementor-widget-heading\" data-id=\"5ed1d0e\" data-element_type=\"widget\" data-widget_type=\"heading.default\">\n\t\t\t\t<div class=\"elementor-widget-container\">\n\t\t\t<h2 class=\"elementor-heading-title elementor-size-large\">Herzlich Willkommen bei VetAix,<\/h2>\t\t<\/div>\n\t\t\t\t<\/div>\n\t\t\t\t\t\t<\/div>\n\t\t\t\t\t<\/div>\n\t\t<\/div>\n\t\t\t\t\t\t\t\t<\/div>\n\t\t\t\t\t<\/div>\n\t\t<\/section>\n\t\t\t\t<section class=\"elementor-section elementor-top-section elementor-element elementor-element-e76d1b8 elementor-section-boxed elementor-section-height-default elementor-section-height-default\" data-id=\"e76d1b8\" data-element_type=\"section\">\n\t\t\t\t\t\t<div class=\"elementor-container elementor-column-gap-default\">\n\t\t\t\t\t\t\t<div class=\"elementor-row\">\n\t\t\t\t\t<div class=\"elementor-column elementor-col-50 elementor-top-column elementor-element elementor-element-cec30b3\" data-id=\"cec30b3\" data-element_type=\"column\">\n\t\t\t<div class=\"elementor-column-wrap elementor-element-populated\">\n\t\t\t\t\t\t\t<div class=\"elementor-widget-wrap\">\n\t\t\t\t\t\t<div class=\"elementor-element elementor-element-6e3d036 elementor-widget elementor-widget-spacer\" data-id=\"6e3d036\" data-element_type=\"widget\" data-widget_type=\"spacer.default\">\n\t\t\t\t<div class=\"elementor-widget-container\">\n\t\t\t\t\t<div class=\"elementor-spacer\">\n\t\t\t<div class=\"elementor-spacer-inner\"><\/div>\n\t\t<\/div>\n\t\t\t\t<\/div>\n\t\t\t\t<\/div>\n\t\t\t\t<div class=\"elementor-element elementor-element-48813f6 elementor-widget elementor-widget-image\" data-id=\"48813f6\" data-element_type=\"widget\" data-widget_type=\"image.default\">\n\t\t\t\t<div class=\"elementor-widget-container\">\n\t\t\t\t\t\t\t\t<div class=\"elementor-image\">\n\t\t\t\t\t\t\t\t\t\t\t\t<img decoding=\"async\" width=\"768\" height=\"1024\" src=\"https:\/\/tierarzt-aachen.de\/wp-content\/uploads\/2019\/04\/tierarzt-aachen-dr-richter-hausfront-768x1024.jpg\" class=\"attachment-medium_large size-medium_large\" alt=\"\" loading=\"lazy\" srcset=\"https:\/\/tierarzt-aachen.de\/wp-content\/uploads\/2019\/04\/tierarzt-aachen-dr-richter-hausfront-768x1024.jpg 768w, https:\/\/tierarzt-aachen.de\/wp-content\/uploads\/2019\/04\/tierarzt-aachen-dr-richter-hausfront-225x300.jpg 225w\" sizes=\"(max-width: 768px) 100vw, 768px\" \/>\t\t\t\t\t\t\t\t\t\t\t\t\t\t<\/div>\n\t\t\t\t\t\t<\/div>\n\t\t\t\t<\/div>\n\t\t\t\t\t\t<\/div>\n\t\t\t\t\t<\/div>\n\t\t<\/div>\n\t\t\t\t<div class=\"elementor-column elementor-col-50 elementor-top-column elementor-element elementor-element-0b215d2\" data-id=\"0b215d2\" data-element_type=\"column\">\n\t\t\t<div class=\"elementor-column-wrap elementor-element-populated\">\n\t\t\t\t\t\t\t<div class=\"elementor-widget-wrap\">\n\t\t\t\t\t\t<div class=\"elementor-element elementor-element-37e93e6 elementor-widget elementor-widget-spacer\" data-id=\"37e93e6\" data-element_type=\"widget\" data-widget_type=\"spacer.default\">\n\t\t\t\t<div class=\"elementor-widget-container\">\n\t\t\t\t\t<div class=\"elementor-spacer\">\n\t\t\t<div class=\"elementor-spacer-inner\"><\/div>\n\t\t<\/div>\n\t\t\t\t<\/div>\n\t\t\t\t<\/div>\n\t\t\t\t<div class=\"elementor-element elementor-element-543a260 elementor-widget elementor-widget-text-editor\" data-id=\"543a260\" data-element_type=\"widget\" data-widget_type=\"text-editor.default\">\n\t\t\t\t<div class=\"elementor-widget-container\">\n\t\t\t\t\t\t\t\t<div class=\"elementor-text-editor elementor-clearfix\">\n\t\t\t\t<p><span style=\"font-family: 'Times New Roman',Times,Georgia,serif; font-size: 20px;\">der Tierarztpraxis von Dr. med. vet. Richter aus Aachen.<\/span><br \/><br \/><span style=\"font-family: 'Times New Roman',Times,Georgia,serif; font-size: 20px;\">Wir freuen uns, Sie auf unserer Website begr\u00fc\u00dfen zu d\u00fcrfen.<\/span><br \/><br \/><span style=\"font-family: 'Times New Roman',Times,Georgia,serif; font-size: 20px;\">Unsere Praxis existiert seit 1996.<\/span><br \/><span style=\"font-family: 'Times New Roman',Times,Georgia,serif; font-size: 20px;\">Wir sind eine auf Kleintiere (Hunde, Katzen, kleine Heimtiere, V\u00f6gel und Reptilien) spezialisierte Tierarztpraxis. Zu unserem Leistungsspektrum geh\u00f6ren neben einer intensiven Diagnostik die bestm\u00f6gliche Therapie innerer und orthop\u00e4discher Erkrankungen.<\/span><br \/><br \/><span style=\"font-family: 'Times New Roman',Times,Georgia,serif; font-size: 20px;\">Zu unseren Patienten z\u00e4hlen aber auch Pferde, die wir ambulant behandeln und bei denen wir auch kleinere Operationen durchf\u00fchren k\u00f6nnen. Zu unserem Leistungsspektrum geh\u00f6rt au\u00dferdem die Osteopathie beim Pferd. Dr. Andreas Richter ist zertifizierter Pferdeosteotherapeut. Er hat im Juni 2014 seine 3-j\u00e4hrige Ausbildung beim Deutschen Institut f\u00fcr Pferdeosteopathie (DIPO) in D\u00fclmen absolviert.<\/span><\/p>\t\t\t\t\t<\/div>\n\t\t\t\t\t\t<\/div>\n\t\t\t\t<\/div>\n\t\t\t\t\t\t<\/div>\n\t\t\t\t\t<\/div>\n\t\t<\/div>\n\t\t\t\t\t\t\t\t<\/div>\n\t\t\t\t\t<\/div>\n\t\t<\/section>\n\t\t\t\t\t\t\t\t\t<\/div>\n\t\t\t<\/div>\n\t\t\t\t\t<\/div>\n\t\t","protected":false},"excerpt":{"rendered":"<p>Herzlich Willkommen bei VetAix, der Tierarztpraxis von Dr. med. vet. Richter aus Aachen. Wir freuen uns, Sie auf unserer Website begr\u00fc\u00dfen zu d\u00fcrfen. Unsere Praxis existiert seit 1996.Wir sind eine auf Kleintiere (Hunde, Katzen, kleine Heimtiere, V\u00f6gel und Reptilien) spezialisierte Tierarztpraxis. Zu unserem Leistungsspektrum geh\u00f6ren neben einer intensiven Diagnostik die bestm\u00f6gliche Therapie innerer und orthop\u00e4discher [&hellip;]<\/p>\n","protected":false},"author":1,"featured_media":34,"parent":0,"menu_order":0,"comment_status":"closed","ping_status":"closed","template":"","meta":[],"aioseo_notices":[],"_links":{"self":[{"href":"https:\/\/tierarzt-aachen.de\/index.php?rest_route=\/wp\/v2\/pages\/2"}],"collection":[{"href":"https:\/\/tierarzt-aachen.de\/index.php?rest_route=\/wp\/v2\/pages"}],"about":[{"href":"https:\/\/tierarzt-aachen.de\/index.php?rest_route=\/wp\/v2\/types\/page"}],"author":[{"embeddable":true,"href":"https:\/\/tierarzt-aachen.de\/index.php?rest_route=\/wp\/v2\/users\/1"}],"replies":[{"embeddable":true,"href":"https:\/\/tierarzt-aachen.de\/index.php?rest_route=%2Fwp%2Fv2%2Fcomments&post=2"}],"version-history":[{"count":41,"href":"https:\/\/tierarzt-aachen.de\/index.php?rest_route=\/wp\/v2\/pages\/2\/revisions"}],"predecessor-version":[{"id":1315,"href":"https:\/\/tierarzt-aachen.de\/index.php?rest_route=\/wp\/v2\/pages\/2\/revisions\/1315"}],"wp:featuredmedia":[{"embeddable":true,"href":"https:\/\/tierarzt-aachen.de\/index.php?rest_route=\/wp\/v2\/media\/34"}],"wp:attachment":[{"href":"https:\/\/tierarzt-aachen.de\/index.php?rest_route=%2Fwp%2Fv2%2Fmedia&parent=2"}],"curies":[{"name":"wp","href":"https:\/\/api.w.org\/{rel}","templated":true}]}}