{"id":143,"date":"2019-04-04T13:50:24","date_gmt":"2019-04-04T11:50:24","guid":{"rendered":"https:\/\/tierarzt-aachen.de\/?page_id=143"},"modified":"2019-04-11T15:39:22","modified_gmt":"2019-04-11T13:39:22","slug":"so-finden-sie-uns","status":"publish","type":"page","link":"https:\/\/tierarzt-aachen.de\/?page_id=143","title":{"rendered":"So finden Sie uns"},"content":{"rendered":"<h2>So finden Sie uns<\/h2>\n<p>Unsere Adresse:<\/p>\n<p>Tierarztpraxis Dr. Richter<\/p>\n<p>Wilhelmstra\u00dfe 93<\/p>\n<p>52070 Aachen<\/p>\n<p><iframe src=\"https:\/\/maps.google.com\/maps?q=Wilhelmstra%C3%9Fe%2093%2C%20Aachen&amp;t=m&amp;z=15&amp;output=embed&amp;iwloc=near\" frameborder=\"0\" marginwidth=\"0\" marginheight=\"0\" scrolling=\"no\" aria-label=\"Wilhelmstra\u00dfe 93, Aachen\"><\/iframe><\/p>\n<p>Unsere Praxis liegt auf dem inneren Alleenring von Aachen in der N\u00e4he Kreuzung Normaluhr, wo die Stra\u00dfen Theaterstra\u00dfe, Wilhelmstra\u00dfe, Zollernstra\u00dfe und Kurbrunnenstra\u00dfe aufeinandertreffen.<\/p>\n<p style=\"font-family: Times New Roman; font-size: 16px;\">Am Besten erreichen Sie die Praxis, wenn Sie von der Kreuzung Normaluhr kommend die Wilhelmstra\u00dfe hinunterfahren. Die Praxis liegt dann im oberen Abschnitt der Stra\u00dfe auf der rechten Seite. Es ist das Haus mit der gr\u00fcnen Fassade.<\/p>\n<p style=\"font-family: Times New Roman; font-size: 16px;\">Direkt neben der Haust\u00fcre befindet sich eine Garage, in der Sie kostenlos parken k\u00f6nnen. Weitere Parkm\u00f6glichkeiten in der Einfahrt und auf den Parkstreifen der Wilhelmstra\u00dfe oder im Parkhaus Theaterstr. \/ Lothringerstr.<\/p>\n<p style=\"font-family: Times New Roman; font-size: 16px;\">Bushaltestellen befinden sich in unmittelbarer N\u00e4he zur Praxis. Den Haltestellenlageplan der Normaluhr k\u00f6nnen Sie hier einsehen:<\/p>\n\n<a href=\"https:\/\/tierarzt-aachen.de\/wp-content\/uploads\/2019\/04\/Lageplan_Normaluhr-1.pdf\" class=\"pdfemb-viewer\" style=\"\" data-width=\"max\" data-height=\"max\" data-toolbar=\"bottom\" data-toolbar-fixed=\"off\">Lageplan_Normaluhr-1<\/a>\n<p class=\"wp-block-pdfemb-pdf-embedder-viewer\"><\/p>\n","protected":false},"excerpt":{"rendered":"<p>So finden Sie uns Unsere Adresse: Tierarztpraxis Dr. Richter Wilhelmstra\u00dfe 93 52070 Aachen Unsere Praxis liegt auf dem inneren Alleenring von Aachen in der N\u00e4he Kreuzung Normaluhr, wo die Stra\u00dfen Theaterstra\u00dfe, Wilhelmstra\u00dfe, Zollernstra\u00dfe und Kurbrunnenstra\u00dfe aufeinandertreffen. Am Besten erreichen Sie die Praxis, wenn Sie von der Kreuzung Normaluhr kommend die Wilhelmstra\u00dfe hinunterfahren. Die Praxis liegt [&hellip;]<\/p>\n","protected":false},"author":1,"featured_media":0,"parent":0,"menu_order":0,"comment_status":"closed","ping_status":"closed","template":"","meta":[],"aioseo_notices":[],"_links":{"self":[{"href":"https:\/\/tierarzt-aachen.de\/index.php?rest_route=\/wp\/v2\/pages\/143"}],"collection":[{"href":"https:\/\/tierarzt-aachen.de\/index.php?rest_route=\/wp\/v2\/pages"}],"about":[{"href":"https:\/\/tierarzt-aachen.de\/index.php?rest_route=\/wp\/v2\/types\/page"}],"author":[{"embeddable":true,"href":"https:\/\/tierarzt-aachen.de\/index.php?rest_route=\/wp\/v2\/users\/1"}],"replies":[{"embeddable":true,"href":"https:\/\/tierarzt-aachen.de\/index.php?rest_route=%2Fwp%2Fv2%2Fcomments&post=143"}],"version-history":[{"count":14,"href":"https:\/\/tierarzt-aachen.de\/index.php?rest_route=\/wp\/v2\/pages\/143\/revisions"}],"predecessor-version":[{"id":712,"href":"https:\/\/tierarzt-aachen.de\/index.php?rest_route=\/wp\/v2\/pages\/143\/revisions\/712"}],"wp:attachment":[{"href":"https:\/\/tierarzt-aachen.de\/index.php?rest_route=%2Fwp%2Fv2%2Fmedia&parent=143"}],"curies":[{"name":"wp","href":"https:\/\/api.w.org\/{rel}","templated":true}]}}