{"id":141,"date":"2019-04-04T13:49:50","date_gmt":"2019-04-04T11:49:50","guid":{"rendered":"https:\/\/tierarzt-aachen.de\/?page_id=141"},"modified":"2024-04-04T12:06:35","modified_gmt":"2024-04-04T10:06:35","slug":"praxisorganisation","status":"publish","type":"page","link":"https:\/\/tierarzt-aachen.de\/?page_id=141","title":{"rendered":"Praxisorganisation"},"content":{"rendered":"\t\t<div data-elementor-type=\"wp-page\" data-elementor-id=\"141\" class=\"elementor elementor-141\">\n\t\t\t\t\t\t<div class=\"elementor-inner\">\n\t\t\t\t<div class=\"elementor-section-wrap\">\n\t\t\t\t\t\t\t\t\t<section class=\"elementor-section elementor-top-section elementor-element elementor-element-39ece7a4 elementor-section-boxed elementor-section-height-default elementor-section-height-default\" data-id=\"39ece7a4\" data-element_type=\"section\">\n\t\t\t\t\t\t<div class=\"elementor-container elementor-column-gap-default\">\n\t\t\t\t\t\t\t<div class=\"elementor-row\">\n\t\t\t\t\t<div class=\"elementor-column elementor-col-100 elementor-top-column elementor-element elementor-element-2ec4996b\" data-id=\"2ec4996b\" data-element_type=\"column\">\n\t\t\t<div class=\"elementor-column-wrap elementor-element-populated\">\n\t\t\t\t\t\t\t<div class=\"elementor-widget-wrap\">\n\t\t\t\t\t\t<div class=\"elementor-element elementor-element-45ccdd40 elementor-widget elementor-widget-text-editor\" data-id=\"45ccdd40\" data-element_type=\"widget\" data-widget_type=\"text-editor.default\">\n\t\t\t\t<div class=\"elementor-widget-container\">\n\t\t\t\t\t\t\t\t<div class=\"elementor-text-editor elementor-clearfix\">\n\t\t\t\t<p><!-- wp:heading --><\/p>\n<h2>Unsere Praxisorganisation<\/h2>\n<p><!-- \/wp:heading --><\/p>\n<p><!-- wp:paragraph --><\/p>\n<p><strong>Sprechzeiten:<\/strong><\/p>\n<p><!-- \/wp:paragraph --><\/p>\n<p><!-- wp:table --><\/p>\n<figure class=\"wp-block-table\">\n<table>\n<tbody>\n<tr>\n<td>Montags bis Freitags<\/td>\n<\/tr>\n<tr>\n<td>&#8211; vormittags :<\/td>\n<td>09.00 &#8211; 12.00 Uhr<\/td>\n<\/tr>\n<tr>\n<td>&#8211; nachmittags :<\/td>\n<td>15.00 &#8211; 19.00 Uhr (au\u00dfer mittwochs)<\/td>\n<\/tr>\n<tr>\n<td>Samstags :<\/td>\n<td>10.00 &#8211; 13.00 Uhr<\/td>\n<\/tr>\n<\/tbody>\n<\/table>\n<\/figure>\n<p><!-- \/wp:table --><\/p>\n<p><!-- wp:paragraph --><\/p>\n<p><strong>Sprechstunde nur nach telefonischer Terminvereinbarung!<\/strong><\/p>\n<p><!-- \/wp:paragraph --><\/p>\n<p><!-- wp:paragraph --><\/p>\n<p>Notf\u00e4lle jederzeit. Aber bitte rufen Sie auch dann vorher an! <br \/><br \/><\/p>\n<p><!-- \/wp:paragraph --><\/p>\n<p><!-- wp:paragraph --><\/p>\n<p><strong>Terminvereinbarung<\/strong><\/p>\n<p><!-- \/wp:paragraph --><\/p>\n<p><!-- wp:paragraph --><\/p>\n<p>Wir m\u00f6chten lange Wartezeiten f\u00fcr unsere Kunden vermeiden und f\u00fchren<br \/>deshalb eine Terminsprechstunde. Notf\u00e4lle werden nat\u00fcrlich auch ohne<br \/>Termin behandelt, bitte rufen Sie aber auch dann immer vorher an, damit wir<br \/>uns darauf vorbereiten k\u00f6nnen. Wir bitten Sie um Verst\u00e4ndnis, falls es<br \/>dadurch einmal zu l\u00e4ngeren Wartezeiten kommen sollte. Wir werden uns<br \/>bem\u00fchen, Sie unverz\u00fcglich \u00fcber unerwartete Terminverz\u00f6gerungen zu<br \/>informieren.<br \/><br \/><br \/>Bitte bringen Sie nach M\u00f6glichkeit zu jedem Praxisbesuch alle wichtigen Unterlagen <br \/>&#8211; vor allem den Heimtierausweis &#8211; mit.<\/p>\n<p><!-- \/wp:paragraph --><\/p>\n<p><!-- wp:paragraph --><\/p>\n<p><strong>Honorar<\/strong><\/p>\n<p><!-- \/wp:paragraph --><\/p>\n<p><!-- wp:paragraph --><\/p>\n<p>Die Abrechnung unserer tier\u00e4rztlichen Leistungen erfolgt in der Regel nach<br \/>dem einfachen Satz der seit dem 22.11.2022 g\u00fcltigen tier\u00e4rztlichen Geb\u00fchrenordnung (<span style=\"color: #993366;\"><a style=\"color: #993366;\" href=\"https:\/\/www.gesetze-im-internet.de\/got_2022\/index.html\">GOT<\/a><\/span>).<br \/>Barzahlung oder Zahlung mit EC- Karte sind erw\u00fcnscht. Andere Zahlungsmodalit\u00e4ten<br \/>bed\u00fcrfen einer vorherigen Vereinbarung.<\/p>\n<p><!-- \/wp:paragraph --><\/p>\n<p><!-- wp:paragraph --><\/p>\n<p><!-- \/wp:paragraph --><\/p>\t\t\t\t\t<\/div>\n\t\t\t\t\t\t<\/div>\n\t\t\t\t<\/div>\n\t\t\t\t\t\t<\/div>\n\t\t\t\t\t<\/div>\n\t\t<\/div>\n\t\t\t\t\t\t\t\t<\/div>\n\t\t\t\t\t<\/div>\n\t\t<\/section>\n\t\t\t\t\t\t\t\t\t<\/div>\n\t\t\t<\/div>\n\t\t\t\t\t<\/div>\n\t\t","protected":false},"excerpt":{"rendered":"<p>Unsere Praxisorganisation Sprechzeiten: Montags bis Freitags &#8211; vormittags : 09.00 &#8211; 12.00 Uhr &#8211; nachmittags : 15.00 &#8211; 19.00 Uhr (au\u00dfer mittwochs) Samstags : 10.00 &#8211; 13.00 Uhr Sprechstunde nur nach telefonischer Terminvereinbarung! Notf\u00e4lle jederzeit. Aber bitte rufen Sie auch dann vorher an! Terminvereinbarung Wir m\u00f6chten lange Wartezeiten f\u00fcr unsere Kunden vermeiden und f\u00fchrendeshalb eine [&hellip;]<\/p>\n","protected":false},"author":1,"featured_media":0,"parent":0,"menu_order":0,"comment_status":"closed","ping_status":"closed","template":"","meta":[],"aioseo_notices":[],"_links":{"self":[{"href":"https:\/\/tierarzt-aachen.de\/index.php?rest_route=\/wp\/v2\/pages\/141"}],"collection":[{"href":"https:\/\/tierarzt-aachen.de\/index.php?rest_route=\/wp\/v2\/pages"}],"about":[{"href":"https:\/\/tierarzt-aachen.de\/index.php?rest_route=\/wp\/v2\/types\/page"}],"author":[{"embeddable":true,"href":"https:\/\/tierarzt-aachen.de\/index.php?rest_route=\/wp\/v2\/users\/1"}],"replies":[{"embeddable":true,"href":"https:\/\/tierarzt-aachen.de\/index.php?rest_route=%2Fwp%2Fv2%2Fcomments&post=141"}],"version-history":[{"count":24,"href":"https:\/\/tierarzt-aachen.de\/index.php?rest_route=\/wp\/v2\/pages\/141\/revisions"}],"predecessor-version":[{"id":1376,"href":"https:\/\/tierarzt-aachen.de\/index.php?rest_route=\/wp\/v2\/pages\/141\/revisions\/1376"}],"wp:attachment":[{"href":"https:\/\/tierarzt-aachen.de\/index.php?rest_route=%2Fwp%2Fv2%2Fmedia&parent=141"}],"curies":[{"name":"wp","href":"https:\/\/api.w.org\/{rel}","templated":true}]}}